{"id":203,"date":"2021-12-17T16:46:02","date_gmt":"2021-12-17T16:46:02","guid":{"rendered":"https:\/\/startersites.io\/blocksy\/garderobe\/?page_id=203"},"modified":"2025-12-03T15:33:40","modified_gmt":"2025-12-03T15:33:40","slug":"biographie","status":"publish","type":"page","link":"https:\/\/fragoladelavega.com\/en\/biographie\/","title":{"rendered":"Biography"},"content":{"rendered":"<div class=\"wp-block-stackable-columns alignfull stk-block-columns stk-block stk-626ebfe stk-block-background stk--has-background-overlay\" data-block-id=\"626ebfe\"><style>.stk-626ebfe {background-color:var(--theme-palette-color-4, #131117) !important;background-image:url(http:\/\/fragoladelavega.com\/wp-content\/uploads\/2025\/10\/67081_studio_a0f5e1a7ced95d214a437178fa91016e.jpeg) !important;padding-top:150px !important;padding-bottom:150px !important;margin-bottom:75px !important;}.stk-626ebfe:before{background-color:var(--theme-palette-color-4, #131117) !important;opacity:0.5 !important;}@media screen and (max-width:999px){.stk-626ebfe {padding-top:110px !important;padding-bottom:300px !important;}}<\/style><div class=\"stk-row stk-inner-blocks stk-block-content stk-content-align stk-626ebfe-column\">\n<div class=\"wp-block-stackable-column stk-block-column stk-column stk-block stk-ce7a188\" data-v=\"4\" data-block-id=\"ce7a188\"><style>.stk-ce7a188-container{margin-top:0px !important;margin-right:0px !important;margin-bottom:0px !important;margin-left:0px !important;}<\/style><div class=\"stk-column-wrapper stk-block-column__content stk-container stk-ce7a188-container stk--no-background stk--no-padding\"><div class=\"has-text-align-center stk-block-content stk-inner-blocks stk-ce7a188-inner-blocks\">\n<div class=\"wp-block-stackable-heading stk-block-heading stk-block-heading--v2 stk-block stk-83aa64e\" id=\"biographie\" data-block-id=\"83aa64e\"><style>.stk-83aa64e {margin-top:15px !important;margin-bottom:0px !important;}.stk-83aa64e .stk-block-heading__text{font-size:48px !important;color:#ffffff !important;}@media screen and (max-width:999px){.stk-83aa64e .stk-block-heading__text{font-size:40px !important;}}<\/style><h2 class=\"stk-block-heading__text has-text-color has-text-align-left\">Biography<\/h2><\/div>\n\n\n\n<div class=\"wp-block-stackable-divider stk-block-divider has-text-align-left stk-block stk-1b8c507\" data-block-id=\"1b8c507\"><style>.stk-1b8c507 hr.stk-block-divider__hr{background:#fffffe !important;}<\/style><hr class=\"stk-block-divider__hr\"\/><\/div>\n<\/div><\/div><\/div>\n<\/div><\/div>\n\n\n\n<div class=\"wp-block-stackable-columns stk-block-columns stk-block stk-7274cee\" data-block-id=\"7274cee\"><style>.stk-7274cee {margin-bottom:100px !important;}<\/style><div class=\"stk-row stk-inner-blocks stk-block-content stk-content-align stk-7274cee-column\">\n<div class=\"wp-block-stackable-column stk-block-column stk-column stk-block stk-fe1f5f7\" data-v=\"4\" data-block-id=\"fe1f5f7\"><div class=\"stk-column-wrapper stk-block-column__content stk-container stk-fe1f5f7-container stk--no-background stk--no-padding\"><div class=\"stk-block-content stk-inner-blocks stk-fe1f5f7-inner-blocks\">\n<div class=\"wp-block-stackable-heading stk-block-heading stk-block-heading--v2 stk-block stk-402dd2b\" id=\"fragola-de-la-vega\" data-block-id=\"402dd2b\"><h2 class=\"stk-block-heading__text\">Fragola de la Vega<\/h2><\/div>\n\n\n\n<div class=\"wp-block-stackable-text stk-block-text stk-block stk-4a800ad\" data-block-id=\"4a800ad\"><style>.stk-4a800ad .stk-block-text__text{font-size:var(--stk--preset--font-size--medium, 20px) !important;}@media screen and (max-width:999px){.stk-4a800ad .stk-block-text__text{font-size:var(--stk--preset--font-size--medium, 20px) !important;}}<\/style><p class=\"stk-block-text__text\">N\u00e9e en Sicile en 1980, catapult\u00e9e en France \u00e0 l\u2019\u00e2ge de 14 ans, Francesca Sangiorgi, connue sous le nom d\u2019artiste Fragola de la Vega porte dans son \u0153uvre la puissance de la mer. Une mer orageuse qui ram\u00e8ne \u00e0 la surface des fragments de pass\u00e9 et d\u2019imaginaire : bateaux errants, poissons volants, robots, figures f\u00e9minines suspendues entre enfance et \u00e2ge adulte.<\/p><\/div>\n\n\n\n<p>Dans cet univers les fronti\u00e8res entre r\u00eave et r\u00e9alit\u00e9 se dissolvent. Le noir et blanc s\u2019y d\u00e9chire d\u2019un rouge \u00e9clatant. Les compositions de Fragola de la Vega \u00e9voquent une tension constante entre m\u00e9lancolie et joie de vivre. Ses cr\u00e9atures, qu\u2019elles soient animales, m\u00e9caniques ou f\u00e9minines, semblent arrach\u00e9es \u00e0 leur contexte naturel pour \u00eatre projet\u00e9es dans un espace onirique, o\u00f9 elles apprennent \u00e0 survivre.<\/p>\n\n\n\n<p><\/p>\n<\/div><\/div><\/div>\n\n\n\n<div class=\"wp-block-stackable-column stk-block-column stk-column stk-block stk-9eb24a0\" data-v=\"4\" data-block-id=\"9eb24a0\"><div class=\"stk-column-wrapper stk-block-column__content stk-container stk-9eb24a0-container stk--no-background stk--no-padding\"><div class=\"stk-block-content stk-inner-blocks stk-9eb24a0-inner-blocks\">\n<div class=\"wp-block-stackable-image stk-block-image stk-block stk-90eef00\" data-block-id=\"90eef00\"><figure><span class=\"stk-img-wrapper stk-image--shape-stretch\"><img loading=\"lazy\" decoding=\"async\" class=\"stk-img wp-image-4019\" src=\"https:\/\/fragoladelavega.com\/wp-content\/uploads\/2025\/10\/fecca46c-641b-4f7e-915c-7e66ab83ca4d.jpg\" width=\"1280\" height=\"853\" alt=\"Fragola de la Vega\" srcset=\"https:\/\/fragoladelavega.com\/wp-content\/uploads\/2025\/10\/fecca46c-641b-4f7e-915c-7e66ab83ca4d.jpg 1280w, https:\/\/fragoladelavega.com\/wp-content\/uploads\/2025\/10\/fecca46c-641b-4f7e-915c-7e66ab83ca4d-300x200.jpg 300w, https:\/\/fragoladelavega.com\/wp-content\/uploads\/2025\/10\/fecca46c-641b-4f7e-915c-7e66ab83ca4d-1024x682.jpg 1024w, https:\/\/fragoladelavega.com\/wp-content\/uploads\/2025\/10\/fecca46c-641b-4f7e-915c-7e66ab83ca4d-768x512.jpg 768w, https:\/\/fragoladelavega.com\/wp-content\/uploads\/2025\/10\/fecca46c-641b-4f7e-915c-7e66ab83ca4d-18x12.jpg 18w, https:\/\/fragoladelavega.com\/wp-content\/uploads\/2025\/10\/fecca46c-641b-4f7e-915c-7e66ab83ca4d-600x400.jpg 600w\" sizes=\"auto, (max-width: 1280px) 100vw, 1280px\" \/><\/span><\/figure><\/div>\n\n\n\n<div class=\"wp-block-stackable-text stk-block-text stk-block stk-5e16899\" data-block-id=\"5e16899\"><style>.stk-5e16899 .stk-block-text__text{font-size:var(--stk--preset--font-size--medium, 20px) !important;}@media screen and (max-width:999px){.stk-5e16899 .stk-block-text__text{font-size:var(--stk--preset--font-size--medium, 20px) !important;}}<\/style><p class=\"stk-block-text__text\">Le regard que porte l\u2019artiste sur le monde est celui d\u2019une enfant qui aurait travers\u00e9 la vie sans jamais perdre sa capacit\u00e9 d\u2019\u00e9merveillement. Derri\u00e8re chaque trait, chaque \u00e9clat, se lit une forme de r\u00e9sistance douce, presque ironique, face aux \u00e9preuves.<\/p><\/div>\n\n\n\n<p>L\u2019art de Fragola de la Vega provoque chez le spectateur un sentiment \u00e0 la fois de m\u00e9lancolie et de renaissance.<\/p>\n<\/div><\/div><\/div>\n<\/div><\/div>\n\n\n\n<p><\/p>","protected":false},"excerpt":{"rendered":"<p>Biographie Fragola de la Vega N\u00e9e en Sicile en 1980, catapult\u00e9e en France \u00e0 l\u2019\u00e2ge de 14 ans, Francesca Sangiorgi, connue sous le nom d\u2019artiste Fragola de la Vega porte dans son \u0153uvre la puissance de la mer. Une mer orageuse qui ram\u00e8ne \u00e0 la surface des fragments de pass\u00e9 et d\u2019imaginaire : bateaux errants, [&hellip;]<\/p>","protected":false},"author":1,"featured_media":0,"parent":0,"menu_order":0,"comment_status":"closed","ping_status":"closed","template":"","meta":{"footnotes":""},"class_list":["post-203","page","type-page","status-publish","hentry"],"blocksy_meta":{"styles_descriptor":{"styles":{"desktop":"","tablet":"","mobile":""},"google_fonts":[],"version":6},"page_title_panel":"","has_hero_section":"disabled","cae18c3de7bedc5b6f53f33572e01345":"","hero_section":"type-1","hero_elements":[{"id":"custom_title","enabled":true,"heading_tag":"h1","title":"Home"},{"id":"custom_description","enabled":true,"description_visibility":{"desktop":true,"tablet":true,"mobile":false}},{"id":"custom_meta","enabled":false,"meta_elements":[{"id":"author","enabled":true,"label":"By","has_author_avatar":"yes","avatar_size":25},{"id":"post_date","enabled":true,"label":"On","date_format_source":"default","date_format":"M j, Y"},{"id":"updated_date","enabled":false,"label":"On","date_format_source":"default","date_format":"M j, Y"},{"id":"categories","enabled":false,"label":"In","style":"simple"},{"id":"comments","enabled":true}],"page_meta_elements":{"joined":true,"articles_count":true,"comments":true}},{"id":"breadcrumbs","enabled":false}],"36e4f14ca74f76b48dbacffcd0ea6f6d":"","hero_alignment1":"CT_CSS_SKIP_RULE","hero_margin":40,"hero_alignment2":"center","hero_vertical_alignment":"center","824d71bcf27c0666174c1f297f46a76c":"","hero_structure":"narrow","25a426c6e3c98f1883c681c2edab9ce7":"","page_title_bg_type":"featured_image","custom_hero_background":{"attachment_id":null},"parallax":{"desktop":false,"tablet":false,"mobile":false},"76980b1f4241e0ba1115be40644c3e4a":"","hero_height":"250px","pageTitleFont":{"family":"Default","variation":"Default","size":"30px","line-height":"CT_CSS_SKIP_RULE","letter-spacing":"CT_CSS_SKIP_RULE","text-transform":"CT_CSS_SKIP_RULE","text-decoration":"CT_CSS_SKIP_RULE"},"pageTitleFontColor":{"default":{"color":"CT_CSS_SKIP_RULEDEFAULT"}},"pageMetaFont":{"family":"Default","variation":"n6","size":"12px","line-height":"1.3","letter-spacing":"CT_CSS_SKIP_RULE","text-transform":"uppercase","text-decoration":"CT_CSS_SKIP_RULE"},"pageMetaFontColor":{"default":{"color":"CT_CSS_SKIP_RULEDEFAULT"},"hover":{"color":"CT_CSS_SKIP_RULEDEFAULT"}},"page_meta_button_type_font_colors":{"default":{"color":"CT_CSS_SKIP_RULEDEFAULT"},"hover":{"color":"CT_CSS_SKIP_RULEDEFAULT"}},"page_meta_button_type_background_colors":{"default":{"color":"CT_CSS_SKIP_RULEDEFAULT"},"hover":{"color":"CT_CSS_SKIP_RULEDEFAULT"}},"pageExcerptFont":{"family":"Default","variation":"Default","size":"CT_CSS_SKIP_RULE","line-height":"CT_CSS_SKIP_RULE","letter-spacing":"CT_CSS_SKIP_RULE","text-transform":"CT_CSS_SKIP_RULE","text-decoration":"CT_CSS_SKIP_RULE"},"pageExcerptColor":{"default":{"color":"CT_CSS_SKIP_RULEDEFAULT"}},"breadcrumbsFont":{"family":"Default","variation":"Default","size":"CT_CSS_SKIP_RULE","line-height":"CT_CSS_SKIP_RULE","letter-spacing":"CT_CSS_SKIP_RULE","text-transform":"CT_CSS_SKIP_RULE","text-decoration":"CT_CSS_SKIP_RULE"},"breadcrumbsFontColor":{"default":{"color":"CT_CSS_SKIP_RULEDEFAULT"},"initial":{"color":"CT_CSS_SKIP_RULEDEFAULT"},"hover":{"color":"CT_CSS_SKIP_RULEDEFAULT"}},"pageTitleOverlay":{"background_type":"color","background_pattern":"type-1","background_image":{"attachment_id":null,"x":0,"y":0},"gradient":"linear-gradient(135deg,rgba(6,147,227,1) 0%,rgb(155,81,224) 100%)","background_repeat":"repeat","background_size":"auto","background_attachment":"scroll","patternColor":{"default":{"color":"#e5e7ea"}},"overlayColor":{"default":{"color":"CT_CSS_SKIP_RULE"}},"backgroundColor":{"default":{"color":"CT_CSS_SKIP_RULE"}}},"pageTitleBackground":{"background_type":"color","background_pattern":"type-1","background_image":{"attachment_id":null,"x":0,"y":0},"gradient":"linear-gradient(135deg,rgba(6,147,227,1) 0%,rgb(155,81,224) 100%)","background_repeat":"repeat","background_size":"auto","background_attachment":"scroll","patternColor":{"default":{"color":"#e5e7ea"}},"overlayColor":{"default":{"color":"CT_CSS_SKIP_RULE"}},"backgroundColor":{"default":{"color":"var(--theme-palette-color-6)"}}},"pageTitlePadding":{"top":"50px","bottom":"50px","left":"auto","right":"auto","linked":true},"727838cdb0b1b4a50b61a179627d1773":"","page_structure_type":"default","bf2280b6f99e95fe8df362e1d9c4e945":"","content_style_source":"inherit","content_style":"wide","vertical_spacing_source":"custom","content_area_spacing":"none","background":{"background_type":"color","background_pattern":"type-1","background_image":{"attachment_id":null,"x":0,"y":0},"gradient":"linear-gradient(135deg,rgba(6,147,227,1) 0%,rgb(155,81,224) 100%)","background_repeat":"repeat","background_size":"auto","background_attachment":"scroll","patternColor":{"default":{"color":"#e5e7ea"}},"overlayColor":{"default":{"color":"CT_CSS_SKIP_RULE"}},"backgroundColor":{"default":{"color":"CT_CSS_SKIP_RULE"}}},"content_background":{"background_type":"color","background_pattern":"type-1","background_image":{"attachment_id":null,"x":0,"y":0},"gradient":"linear-gradient(135deg,rgba(6,147,227,1) 0%,rgb(155,81,224) 100%)","background_repeat":"repeat","background_size":"auto","background_attachment":"scroll","patternColor":{"default":{"color":"#e5e7ea"}},"overlayColor":{"default":{"color":"CT_CSS_SKIP_RULE"}},"backgroundColor":{"default":{"color":"var(--theme-palette-color-8)"}}},"content_boxed_shadow":{"inherit":false,"blur":18,"spread":-6,"v_offset":12,"h_offset":0,"inset":false,"enable":true,"color":{"color":"rgba(34, 56, 101, 0.04)"}},"boxed_content_spacing":{"desktop":{"top":"40px","bottom":"40px","left":"40px","right":"40px","linked":true},"tablet":{"top":"35px","bottom":"35px","left":"35px","right":"35px","linked":true},"mobile":{"top":"20px","bottom":"20px","left":"20px","right":"20px","linked":true}},"content_boxed_radius":{"top":"3px","bottom":"3px","left":"3px","right":"3px","linked":true},"203928799f3efe87295f481e9e43b493":"","disable_featured_image":"no","disable_share_box":"no","disable_header":"no","disable_footer":"no"},"yoast_head":"<!-- This site is optimized with the Yoast SEO plugin v26.3 - https:\/\/yoast.com\/wordpress\/plugins\/seo\/ -->\n<title>Biographie Fragola de la Vega<\/title>\n<meta name=\"description\" content=\"N\u00e9e en Sicile, Francesca porte en elle toute la puissance de la mer, une mer orageuse qui ram\u00e8ne \u00e0 la surface des fragments du pass\u00e9\" \/>\n<meta name=\"robots\" content=\"index, follow, max-snippet:-1, max-image-preview:large, max-video-preview:-1\" \/>\n<link rel=\"canonical\" href=\"https:\/\/fragoladelavega.com\/en\/biographie\/\" \/>\n<meta property=\"og:locale\" content=\"en_US\" \/>\n<meta property=\"og:type\" content=\"article\" \/>\n<meta property=\"og:title\" content=\"Biographie Fragola de la Vega\" \/>\n<meta property=\"og:description\" content=\"N\u00e9e en Sicile, Francesca porte en elle toute la puissance de la mer, une mer orageuse qui ram\u00e8ne \u00e0 la surface des fragments du pass\u00e9\" \/>\n<meta property=\"og:url\" content=\"https:\/\/fragoladelavega.com\/en\/biographie\/\" \/>\n<meta property=\"og:site_name\" content=\"Fragola de la Vega\" \/>\n<meta property=\"article:modified_time\" content=\"2025-12-03T15:33:40+00:00\" \/>\n<meta property=\"og:image\" content=\"https:\/\/fragoladelavega.com\/wp-content\/uploads\/2025\/10\/fecca46c-641b-4f7e-915c-7e66ab83ca4d.jpg\" \/>\n\t<meta property=\"og:image:width\" content=\"1280\" \/>\n\t<meta property=\"og:image:height\" content=\"853\" \/>\n\t<meta property=\"og:image:type\" content=\"image\/jpeg\" \/>\n<meta name=\"twitter:card\" content=\"summary_large_image\" \/>\n<meta name=\"twitter:label1\" content=\"Est. reading time\" \/>\n\t<meta name=\"twitter:data1\" content=\"2 minutes\" \/>\n<script type=\"application\/ld+json\" class=\"yoast-schema-graph\">{\"@context\":\"https:\/\/schema.org\",\"@graph\":[{\"@type\":\"Article\",\"@id\":\"https:\/\/fragoladelavega.com\/biographie\/#article\",\"isPartOf\":{\"@id\":\"https:\/\/fragoladelavega.com\/biographie\/\"},\"author\":{\"name\":\"admin1948\",\"@id\":\"https:\/\/fragoladelavega.com\/#\/schema\/person\/ab4e236785203997ea1c77b6db331c4e\"},\"headline\":\"Biographie\",\"datePublished\":\"2021-12-17T16:46:02+00:00\",\"dateModified\":\"2025-12-03T15:33:40+00:00\",\"mainEntityOfPage\":{\"@id\":\"https:\/\/fragoladelavega.com\/biographie\/\"},\"wordCount\":209,\"publisher\":{\"@id\":\"https:\/\/fragoladelavega.com\/#organization\"},\"image\":{\"@id\":\"https:\/\/fragoladelavega.com\/biographie\/#primaryimage\"},\"thumbnailUrl\":\"https:\/\/fragoladelavega.com\/wp-content\/uploads\/2025\/10\/fecca46c-641b-4f7e-915c-7e66ab83ca4d.jpg\",\"inLanguage\":\"en-US\"},{\"@type\":\"WebPage\",\"@id\":\"https:\/\/fragoladelavega.com\/biographie\/\",\"url\":\"https:\/\/fragoladelavega.com\/biographie\/\",\"name\":\"Biographie Fragola de la Vega\",\"isPartOf\":{\"@id\":\"https:\/\/fragoladelavega.com\/#website\"},\"primaryImageOfPage\":{\"@id\":\"https:\/\/fragoladelavega.com\/biographie\/#primaryimage\"},\"image\":{\"@id\":\"https:\/\/fragoladelavega.com\/biographie\/#primaryimage\"},\"thumbnailUrl\":\"https:\/\/fragoladelavega.com\/wp-content\/uploads\/2025\/10\/fecca46c-641b-4f7e-915c-7e66ab83ca4d.jpg\",\"datePublished\":\"2021-12-17T16:46:02+00:00\",\"dateModified\":\"2025-12-03T15:33:40+00:00\",\"description\":\"N\u00e9e en Sicile, Francesca porte en elle toute la puissance de la mer, une mer orageuse qui ram\u00e8ne \u00e0 la surface des fragments du pass\u00e9\",\"breadcrumb\":{\"@id\":\"https:\/\/fragoladelavega.com\/biographie\/#breadcrumb\"},\"inLanguage\":\"en-US\",\"potentialAction\":[{\"@type\":\"ReadAction\",\"target\":[\"https:\/\/fragoladelavega.com\/biographie\/\"]}]},{\"@type\":\"ImageObject\",\"inLanguage\":\"en-US\",\"@id\":\"https:\/\/fragoladelavega.com\/biographie\/#primaryimage\",\"url\":\"https:\/\/fragoladelavega.com\/wp-content\/uploads\/2025\/10\/fecca46c-641b-4f7e-915c-7e66ab83ca4d.jpg\",\"contentUrl\":\"https:\/\/fragoladelavega.com\/wp-content\/uploads\/2025\/10\/fecca46c-641b-4f7e-915c-7e66ab83ca4d.jpg\"},{\"@type\":\"BreadcrumbList\",\"@id\":\"https:\/\/fragoladelavega.com\/biographie\/#breadcrumb\",\"itemListElement\":[{\"@type\":\"ListItem\",\"position\":1,\"name\":\"Accueil\",\"item\":\"https:\/\/fragoladelavega.com\/\"},{\"@type\":\"ListItem\",\"position\":2,\"name\":\"Biographie\"}]},{\"@type\":\"WebSite\",\"@id\":\"https:\/\/fragoladelavega.com\/#website\",\"url\":\"https:\/\/fragoladelavega.com\/\",\"name\":\"Fragola de la Vega\",\"description\":\"Artiste peintre et Street Art\",\"publisher\":{\"@id\":\"https:\/\/fragoladelavega.com\/#organization\"},\"alternateName\":\"Fragola de la Vega\",\"potentialAction\":[{\"@type\":\"SearchAction\",\"target\":{\"@type\":\"EntryPoint\",\"urlTemplate\":\"https:\/\/fragoladelavega.com\/?s={search_term_string}\"},\"query-input\":{\"@type\":\"PropertyValueSpecification\",\"valueRequired\":true,\"valueName\":\"search_term_string\"}}],\"inLanguage\":\"en-US\"},{\"@type\":\"Organization\",\"@id\":\"https:\/\/fragoladelavega.com\/#organization\",\"name\":\"Fragola de la Vega\",\"alternateName\":\"Fragola de la Vega\",\"url\":\"https:\/\/fragoladelavega.com\/\",\"logo\":{\"@type\":\"ImageObject\",\"inLanguage\":\"en-US\",\"@id\":\"https:\/\/fragoladelavega.com\/#\/schema\/logo\/image\/\",\"url\":\"https:\/\/fragoladelavega.com\/wp-content\/uploads\/2025\/09\/fragola-scaled.png\",\"contentUrl\":\"https:\/\/fragoladelavega.com\/wp-content\/uploads\/2025\/09\/fragola-scaled.png\",\"width\":2560,\"height\":941,\"caption\":\"Fragola de la Vega\"},\"image\":{\"@id\":\"https:\/\/fragoladelavega.com\/#\/schema\/logo\/image\/\"}},{\"@type\":\"Person\",\"@id\":\"https:\/\/fragoladelavega.com\/#\/schema\/person\/ab4e236785203997ea1c77b6db331c4e\",\"name\":\"admin1948\",\"sameAs\":[\"https:\/\/fragoladelavega.com\"]}]}<\/script>\n<!-- \/ Yoast SEO plugin. -->","yoast_head_json":{"title":"Biographie Fragola de la Vega","description":"N\u00e9e en Sicile, Francesca porte en elle toute la puissance de la mer, une mer orageuse qui ram\u00e8ne \u00e0 la surface des fragments du pass\u00e9","robots":{"index":"index","follow":"follow","max-snippet":"max-snippet:-1","max-image-preview":"max-image-preview:large","max-video-preview":"max-video-preview:-1"},"canonical":"https:\/\/fragoladelavega.com\/en\/biographie\/","og_locale":"en_US","og_type":"article","og_title":"Biographie Fragola de la Vega","og_description":"N\u00e9e en Sicile, Francesca porte en elle toute la puissance de la mer, une mer orageuse qui ram\u00e8ne \u00e0 la surface des fragments du pass\u00e9","og_url":"https:\/\/fragoladelavega.com\/en\/biographie\/","og_site_name":"Fragola de la Vega","article_modified_time":"2025-12-03T15:33:40+00:00","og_image":[{"width":1280,"height":853,"url":"https:\/\/fragoladelavega.com\/wp-content\/uploads\/2025\/10\/fecca46c-641b-4f7e-915c-7e66ab83ca4d.jpg","type":"image\/jpeg"}],"twitter_card":"summary_large_image","twitter_misc":{"Est. reading time":"2 minutes"},"schema":{"@context":"https:\/\/schema.org","@graph":[{"@type":"Article","@id":"https:\/\/fragoladelavega.com\/biographie\/#article","isPartOf":{"@id":"https:\/\/fragoladelavega.com\/biographie\/"},"author":{"name":"admin1948","@id":"https:\/\/fragoladelavega.com\/#\/schema\/person\/ab4e236785203997ea1c77b6db331c4e"},"headline":"Biographie","datePublished":"2021-12-17T16:46:02+00:00","dateModified":"2025-12-03T15:33:40+00:00","mainEntityOfPage":{"@id":"https:\/\/fragoladelavega.com\/biographie\/"},"wordCount":209,"publisher":{"@id":"https:\/\/fragoladelavega.com\/#organization"},"image":{"@id":"https:\/\/fragoladelavega.com\/biographie\/#primaryimage"},"thumbnailUrl":"https:\/\/fragoladelavega.com\/wp-content\/uploads\/2025\/10\/fecca46c-641b-4f7e-915c-7e66ab83ca4d.jpg","inLanguage":"en-US"},{"@type":"WebPage","@id":"https:\/\/fragoladelavega.com\/biographie\/","url":"https:\/\/fragoladelavega.com\/biographie\/","name":"Biographie Fragola de la Vega","isPartOf":{"@id":"https:\/\/fragoladelavega.com\/#website"},"primaryImageOfPage":{"@id":"https:\/\/fragoladelavega.com\/biographie\/#primaryimage"},"image":{"@id":"https:\/\/fragoladelavega.com\/biographie\/#primaryimage"},"thumbnailUrl":"https:\/\/fragoladelavega.com\/wp-content\/uploads\/2025\/10\/fecca46c-641b-4f7e-915c-7e66ab83ca4d.jpg","datePublished":"2021-12-17T16:46:02+00:00","dateModified":"2025-12-03T15:33:40+00:00","description":"N\u00e9e en Sicile, Francesca porte en elle toute la puissance de la mer, une mer orageuse qui ram\u00e8ne \u00e0 la surface des fragments du pass\u00e9","breadcrumb":{"@id":"https:\/\/fragoladelavega.com\/biographie\/#breadcrumb"},"inLanguage":"en-US","potentialAction":[{"@type":"ReadAction","target":["https:\/\/fragoladelavega.com\/biographie\/"]}]},{"@type":"ImageObject","inLanguage":"en-US","@id":"https:\/\/fragoladelavega.com\/biographie\/#primaryimage","url":"https:\/\/fragoladelavega.com\/wp-content\/uploads\/2025\/10\/fecca46c-641b-4f7e-915c-7e66ab83ca4d.jpg","contentUrl":"https:\/\/fragoladelavega.com\/wp-content\/uploads\/2025\/10\/fecca46c-641b-4f7e-915c-7e66ab83ca4d.jpg"},{"@type":"BreadcrumbList","@id":"https:\/\/fragoladelavega.com\/biographie\/#breadcrumb","itemListElement":[{"@type":"ListItem","position":1,"name":"Accueil","item":"https:\/\/fragoladelavega.com\/"},{"@type":"ListItem","position":2,"name":"Biographie"}]},{"@type":"WebSite","@id":"https:\/\/fragoladelavega.com\/#website","url":"https:\/\/fragoladelavega.com\/","name":"Fragola de la Vega","description":"Artiste peintre et Street Art","publisher":{"@id":"https:\/\/fragoladelavega.com\/#organization"},"alternateName":"Fragola de la Vega","potentialAction":[{"@type":"SearchAction","target":{"@type":"EntryPoint","urlTemplate":"https:\/\/fragoladelavega.com\/?s={search_term_string}"},"query-input":{"@type":"PropertyValueSpecification","valueRequired":true,"valueName":"search_term_string"}}],"inLanguage":"en-US"},{"@type":"Organization","@id":"https:\/\/fragoladelavega.com\/#organization","name":"Fragola de la Vega","alternateName":"Fragola de la Vega","url":"https:\/\/fragoladelavega.com\/","logo":{"@type":"ImageObject","inLanguage":"en-US","@id":"https:\/\/fragoladelavega.com\/#\/schema\/logo\/image\/","url":"https:\/\/fragoladelavega.com\/wp-content\/uploads\/2025\/09\/fragola-scaled.png","contentUrl":"https:\/\/fragoladelavega.com\/wp-content\/uploads\/2025\/09\/fragola-scaled.png","width":2560,"height":941,"caption":"Fragola de la Vega"},"image":{"@id":"https:\/\/fragoladelavega.com\/#\/schema\/logo\/image\/"}},{"@type":"Person","@id":"https:\/\/fragoladelavega.com\/#\/schema\/person\/ab4e236785203997ea1c77b6db331c4e","name":"admin1948","sameAs":["https:\/\/fragoladelavega.com"]}]}},"_links":{"self":[{"href":"https:\/\/fragoladelavega.com\/en\/wp-json\/wp\/v2\/pages\/203","targetHints":{"allow":["GET"]}}],"collection":[{"href":"https:\/\/fragoladelavega.com\/en\/wp-json\/wp\/v2\/pages"}],"about":[{"href":"https:\/\/fragoladelavega.com\/en\/wp-json\/wp\/v2\/types\/page"}],"author":[{"embeddable":true,"href":"https:\/\/fragoladelavega.com\/en\/wp-json\/wp\/v2\/users\/1"}],"replies":[{"embeddable":true,"href":"https:\/\/fragoladelavega.com\/en\/wp-json\/wp\/v2\/comments?post=203"}],"version-history":[{"count":13,"href":"https:\/\/fragoladelavega.com\/en\/wp-json\/wp\/v2\/pages\/203\/revisions"}],"predecessor-version":[{"id":4169,"href":"https:\/\/fragoladelavega.com\/en\/wp-json\/wp\/v2\/pages\/203\/revisions\/4169"}],"wp:attachment":[{"href":"https:\/\/fragoladelavega.com\/en\/wp-json\/wp\/v2\/media?parent=203"}],"curies":[{"name":"wp","href":"https:\/\/api.w.org\/{rel}","templated":true}]}}