{"id":3693,"date":"2025-10-16T10:03:06","date_gmt":"2025-10-16T10:03:06","guid":{"rendered":"https:\/\/fragoladelavega.com\/?post_type=product&#038;p=3693"},"modified":"2025-10-18T07:45:28","modified_gmt":"2025-10-18T07:45:28","slug":"la-nuit-et-le-jour-jean-paul-boyer","status":"publish","type":"product","link":"https:\/\/fragoladelavega.com\/en\/product\/la-nuit-et-le-jour-jean-paul-boyer\/","title":{"rendered":"The Night and the Day"},"content":{"rendered":"","protected":false},"excerpt":{"rendered":"<p>Ovoid modular sculpture by Jean-Paul Boyer<br \/>\nDimensions : 60 x 113 x 60 cm<\/p>\n<p>The work of Fragola de la Vega leaves its mark on that of Jean-Paul Boyer. The material disintegrates like the human soul in the face of life\u2019s shocks \u2014 but then everything recomposes itself, giving rise to a surreal dance where everything is the opposite of everything else. A secret laboratory where figures move in silence, between stormy seas and flowers, between the contrast of black and white, between the dream world and real life, between life and death\u2026 Yet always inhabited by the passion of red.<\/p>","protected":false},"featured_media":3694,"template":"","meta":[],"product_brand":[],"product_cat":[49],"product_tag":[],"class_list":{"0":"post-3693","1":"product","2":"type-product","3":"status-publish","4":"has-post-thumbnail","6":"product_cat-sculptures-originales","8":"first","9":"instock","10":"sold-individually","11":"shipping-taxable","12":"product-type-simple"},"yoast_head":"<!-- This site is optimized with the Yoast SEO plugin v26.3 - https:\/\/yoast.com\/wordpress\/plugins\/seo\/ -->\n<title>La Nuit et Le Jour, sculpture Jean Paul Boyer Fragola de la Vega<\/title>\n<meta name=\"description\" content=\"L&#039;Oeuvre de fragola de la Vega marque celle de Jean-paul Boyer. La mati\u00e8re se d\u00e9sint\u00e8gre comme l&#039;\u00e2me humaine face aux chocs de la vie, mais ensuite tout se recompose et donne vie \u00e0 une danse surr\u00e9aliste o\u00f9 tout est le contraire de tout.\" \/>\n<meta name=\"robots\" content=\"index, follow, max-snippet:-1, max-image-preview:large, max-video-preview:-1\" \/>\n<link rel=\"canonical\" href=\"https:\/\/fragoladelavega.com\/en\/product\/la-nuit-et-le-jour-jean-paul-boyer\/\" \/>\n<meta property=\"og:locale\" content=\"en_US\" \/>\n<meta property=\"og:type\" content=\"article\" \/>\n<meta property=\"og:title\" content=\"La Nuit et Le Jour, sculpture Jean Paul Boyer Fragola de la Vega\" \/>\n<meta property=\"og:description\" content=\"L&#039;Oeuvre de fragola de la Vega marque celle de Jean-paul Boyer. La mati\u00e8re se d\u00e9sint\u00e8gre comme l&#039;\u00e2me humaine face aux chocs de la vie, mais ensuite tout se recompose et donne vie \u00e0 une danse surr\u00e9aliste o\u00f9 tout est le contraire de tout.\" \/>\n<meta property=\"og:url\" content=\"https:\/\/fragoladelavega.com\/en\/product\/la-nuit-et-le-jour-jean-paul-boyer\/\" \/>\n<meta property=\"og:site_name\" content=\"Fragola de la Vega\" \/>\n<meta property=\"article:modified_time\" content=\"2025-10-18T07:45:28+00:00\" \/>\n<meta property=\"og:image\" content=\"https:\/\/fragoladelavega.com\/wp-content\/uploads\/2025\/10\/sculpture-fragola-de-la-vega-jp-boyer-1-scaled.jpg\" \/>\n\t<meta property=\"og:image:width\" content=\"1920\" \/>\n\t<meta property=\"og:image:height\" content=\"2560\" \/>\n\t<meta property=\"og:image:type\" content=\"image\/jpeg\" \/>\n<meta name=\"twitter:card\" content=\"summary_large_image\" \/>\n<meta name=\"twitter:label1\" content=\"Est. reading time\" \/>\n\t<meta name=\"twitter:data1\" content=\"1 minute\" \/>\n<script type=\"application\/ld+json\" class=\"yoast-schema-graph\">{\"@context\":\"https:\/\/schema.org\",\"@graph\":[{\"@type\":\"WebPage\",\"@id\":\"https:\/\/fragoladelavega.com\/product\/la-nuit-et-le-jour-jean-paul-boyer\/\",\"url\":\"https:\/\/fragoladelavega.com\/product\/la-nuit-et-le-jour-jean-paul-boyer\/\",\"name\":\"La Nuit et Le Jour, sculpture Jean Paul Boyer Fragola de la Vega\",\"isPartOf\":{\"@id\":\"https:\/\/fragoladelavega.com\/#website\"},\"primaryImageOfPage\":{\"@id\":\"https:\/\/fragoladelavega.com\/product\/la-nuit-et-le-jour-jean-paul-boyer\/#primaryimage\"},\"image\":{\"@id\":\"https:\/\/fragoladelavega.com\/product\/la-nuit-et-le-jour-jean-paul-boyer\/#primaryimage\"},\"thumbnailUrl\":\"https:\/\/fragoladelavega.com\/wp-content\/uploads\/2025\/10\/sculpture-fragola-de-la-vega-jp-boyer-1-scaled.jpg\",\"datePublished\":\"2025-10-16T10:03:06+00:00\",\"dateModified\":\"2025-10-18T07:45:28+00:00\",\"description\":\"L'Oeuvre de fragola de la Vega marque celle de Jean-paul Boyer. La mati\u00e8re se d\u00e9sint\u00e8gre comme l'\u00e2me humaine face aux chocs de la vie, mais ensuite tout se recompose et donne vie \u00e0 une danse surr\u00e9aliste o\u00f9 tout est le contraire de tout.\",\"breadcrumb\":{\"@id\":\"https:\/\/fragoladelavega.com\/product\/la-nuit-et-le-jour-jean-paul-boyer\/#breadcrumb\"},\"inLanguage\":\"en-US\",\"potentialAction\":[{\"@type\":\"ReadAction\",\"target\":[\"https:\/\/fragoladelavega.com\/product\/la-nuit-et-le-jour-jean-paul-boyer\/\"]}]},{\"@type\":\"ImageObject\",\"inLanguage\":\"en-US\",\"@id\":\"https:\/\/fragoladelavega.com\/product\/la-nuit-et-le-jour-jean-paul-boyer\/#primaryimage\",\"url\":\"https:\/\/fragoladelavega.com\/wp-content\/uploads\/2025\/10\/sculpture-fragola-de-la-vega-jp-boyer-1-scaled.jpg\",\"contentUrl\":\"https:\/\/fragoladelavega.com\/wp-content\/uploads\/2025\/10\/sculpture-fragola-de-la-vega-jp-boyer-1-scaled.jpg\",\"width\":1920,\"height\":2560,\"caption\":\"La Nuit et le Jour, sculpture Jean Paul Boyer et Fragola de la Vega\"},{\"@type\":\"BreadcrumbList\",\"@id\":\"https:\/\/fragoladelavega.com\/product\/la-nuit-et-le-jour-jean-paul-boyer\/#breadcrumb\",\"itemListElement\":[{\"@type\":\"ListItem\",\"position\":1,\"name\":\"Accueil\",\"item\":\"https:\/\/fragoladelavega.com\/\"},{\"@type\":\"ListItem\",\"position\":2,\"name\":\"Oeuvres\",\"item\":\"https:\/\/fragoladelavega.com\/products\/\"},{\"@type\":\"ListItem\",\"position\":3,\"name\":\"La Nuit et le Jour\"}]},{\"@type\":\"WebSite\",\"@id\":\"https:\/\/fragoladelavega.com\/#website\",\"url\":\"https:\/\/fragoladelavega.com\/\",\"name\":\"Fragola de la Vega\",\"description\":\"Artiste peintre et Street Art\",\"publisher\":{\"@id\":\"https:\/\/fragoladelavega.com\/#organization\"},\"alternateName\":\"Fragola de la Vega\",\"potentialAction\":[{\"@type\":\"SearchAction\",\"target\":{\"@type\":\"EntryPoint\",\"urlTemplate\":\"https:\/\/fragoladelavega.com\/?s={search_term_string}\"},\"query-input\":{\"@type\":\"PropertyValueSpecification\",\"valueRequired\":true,\"valueName\":\"search_term_string\"}}],\"inLanguage\":\"en-US\"},{\"@type\":\"Organization\",\"@id\":\"https:\/\/fragoladelavega.com\/#organization\",\"name\":\"Fragola de la Vega\",\"alternateName\":\"Fragola de la Vega\",\"url\":\"https:\/\/fragoladelavega.com\/\",\"logo\":{\"@type\":\"ImageObject\",\"inLanguage\":\"en-US\",\"@id\":\"https:\/\/fragoladelavega.com\/#\/schema\/logo\/image\/\",\"url\":\"https:\/\/fragoladelavega.com\/wp-content\/uploads\/2025\/09\/fragola-scaled.png\",\"contentUrl\":\"https:\/\/fragoladelavega.com\/wp-content\/uploads\/2025\/09\/fragola-scaled.png\",\"width\":2560,\"height\":941,\"caption\":\"Fragola de la Vega\"},\"image\":{\"@id\":\"https:\/\/fragoladelavega.com\/#\/schema\/logo\/image\/\"}}]}<\/script>\n<!-- \/ Yoast SEO plugin. -->","yoast_head_json":{"title":"La Nuit et Le Jour, sculpture Jean Paul Boyer Fragola de la Vega","description":"L'Oeuvre de fragola de la Vega marque celle de Jean-paul Boyer. La mati\u00e8re se d\u00e9sint\u00e8gre comme l'\u00e2me humaine face aux chocs de la vie, mais ensuite tout se recompose et donne vie \u00e0 une danse surr\u00e9aliste o\u00f9 tout est le contraire de tout.","robots":{"index":"index","follow":"follow","max-snippet":"max-snippet:-1","max-image-preview":"max-image-preview:large","max-video-preview":"max-video-preview:-1"},"canonical":"https:\/\/fragoladelavega.com\/en\/product\/la-nuit-et-le-jour-jean-paul-boyer\/","og_locale":"en_US","og_type":"article","og_title":"La Nuit et Le Jour, sculpture Jean Paul Boyer Fragola de la Vega","og_description":"L'Oeuvre de fragola de la Vega marque celle de Jean-paul Boyer. La mati\u00e8re se d\u00e9sint\u00e8gre comme l'\u00e2me humaine face aux chocs de la vie, mais ensuite tout se recompose et donne vie \u00e0 une danse surr\u00e9aliste o\u00f9 tout est le contraire de tout.","og_url":"https:\/\/fragoladelavega.com\/en\/product\/la-nuit-et-le-jour-jean-paul-boyer\/","og_site_name":"Fragola de la Vega","article_modified_time":"2025-10-18T07:45:28+00:00","og_image":[{"width":1920,"height":2560,"url":"https:\/\/fragoladelavega.com\/wp-content\/uploads\/2025\/10\/sculpture-fragola-de-la-vega-jp-boyer-1-scaled.jpg","type":"image\/jpeg"}],"twitter_card":"summary_large_image","twitter_misc":{"Est. reading time":"1 minute"},"schema":{"@context":"https:\/\/schema.org","@graph":[{"@type":"WebPage","@id":"https:\/\/fragoladelavega.com\/product\/la-nuit-et-le-jour-jean-paul-boyer\/","url":"https:\/\/fragoladelavega.com\/product\/la-nuit-et-le-jour-jean-paul-boyer\/","name":"La Nuit et Le Jour, sculpture Jean Paul Boyer Fragola de la Vega","isPartOf":{"@id":"https:\/\/fragoladelavega.com\/#website"},"primaryImageOfPage":{"@id":"https:\/\/fragoladelavega.com\/product\/la-nuit-et-le-jour-jean-paul-boyer\/#primaryimage"},"image":{"@id":"https:\/\/fragoladelavega.com\/product\/la-nuit-et-le-jour-jean-paul-boyer\/#primaryimage"},"thumbnailUrl":"https:\/\/fragoladelavega.com\/wp-content\/uploads\/2025\/10\/sculpture-fragola-de-la-vega-jp-boyer-1-scaled.jpg","datePublished":"2025-10-16T10:03:06+00:00","dateModified":"2025-10-18T07:45:28+00:00","description":"L'Oeuvre de fragola de la Vega marque celle de Jean-paul Boyer. La mati\u00e8re se d\u00e9sint\u00e8gre comme l'\u00e2me humaine face aux chocs de la vie, mais ensuite tout se recompose et donne vie \u00e0 une danse surr\u00e9aliste o\u00f9 tout est le contraire de tout.","breadcrumb":{"@id":"https:\/\/fragoladelavega.com\/product\/la-nuit-et-le-jour-jean-paul-boyer\/#breadcrumb"},"inLanguage":"en-US","potentialAction":[{"@type":"ReadAction","target":["https:\/\/fragoladelavega.com\/product\/la-nuit-et-le-jour-jean-paul-boyer\/"]}]},{"@type":"ImageObject","inLanguage":"en-US","@id":"https:\/\/fragoladelavega.com\/product\/la-nuit-et-le-jour-jean-paul-boyer\/#primaryimage","url":"https:\/\/fragoladelavega.com\/wp-content\/uploads\/2025\/10\/sculpture-fragola-de-la-vega-jp-boyer-1-scaled.jpg","contentUrl":"https:\/\/fragoladelavega.com\/wp-content\/uploads\/2025\/10\/sculpture-fragola-de-la-vega-jp-boyer-1-scaled.jpg","width":1920,"height":2560,"caption":"La Nuit et le Jour, sculpture Jean Paul Boyer et Fragola de la Vega"},{"@type":"BreadcrumbList","@id":"https:\/\/fragoladelavega.com\/product\/la-nuit-et-le-jour-jean-paul-boyer\/#breadcrumb","itemListElement":[{"@type":"ListItem","position":1,"name":"Accueil","item":"https:\/\/fragoladelavega.com\/"},{"@type":"ListItem","position":2,"name":"Oeuvres","item":"https:\/\/fragoladelavega.com\/products\/"},{"@type":"ListItem","position":3,"name":"La Nuit et le Jour"}]},{"@type":"WebSite","@id":"https:\/\/fragoladelavega.com\/#website","url":"https:\/\/fragoladelavega.com\/","name":"Fragola de la Vega","description":"Artiste peintre et Street Art","publisher":{"@id":"https:\/\/fragoladelavega.com\/#organization"},"alternateName":"Fragola de la Vega","potentialAction":[{"@type":"SearchAction","target":{"@type":"EntryPoint","urlTemplate":"https:\/\/fragoladelavega.com\/?s={search_term_string}"},"query-input":{"@type":"PropertyValueSpecification","valueRequired":true,"valueName":"search_term_string"}}],"inLanguage":"en-US"},{"@type":"Organization","@id":"https:\/\/fragoladelavega.com\/#organization","name":"Fragola de la Vega","alternateName":"Fragola de la Vega","url":"https:\/\/fragoladelavega.com\/","logo":{"@type":"ImageObject","inLanguage":"en-US","@id":"https:\/\/fragoladelavega.com\/#\/schema\/logo\/image\/","url":"https:\/\/fragoladelavega.com\/wp-content\/uploads\/2025\/09\/fragola-scaled.png","contentUrl":"https:\/\/fragoladelavega.com\/wp-content\/uploads\/2025\/09\/fragola-scaled.png","width":2560,"height":941,"caption":"Fragola de la Vega"},"image":{"@id":"https:\/\/fragoladelavega.com\/#\/schema\/logo\/image\/"}}]}},"_links":{"self":[{"href":"https:\/\/fragoladelavega.com\/en\/wp-json\/wp\/v2\/product\/3693","targetHints":{"allow":["GET"]}}],"collection":[{"href":"https:\/\/fragoladelavega.com\/en\/wp-json\/wp\/v2\/product"}],"about":[{"href":"https:\/\/fragoladelavega.com\/en\/wp-json\/wp\/v2\/types\/product"}],"wp:featuredmedia":[{"embeddable":true,"href":"https:\/\/fragoladelavega.com\/en\/wp-json\/wp\/v2\/media\/3694"}],"wp:attachment":[{"href":"https:\/\/fragoladelavega.com\/en\/wp-json\/wp\/v2\/media?parent=3693"}],"wp:term":[{"taxonomy":"product_brand","embeddable":true,"href":"https:\/\/fragoladelavega.com\/en\/wp-json\/wp\/v2\/product_brand?post=3693"},{"taxonomy":"product_cat","embeddable":true,"href":"https:\/\/fragoladelavega.com\/en\/wp-json\/wp\/v2\/product_cat?post=3693"},{"taxonomy":"product_tag","embeddable":true,"href":"https:\/\/fragoladelavega.com\/en\/wp-json\/wp\/v2\/product_tag?post=3693"}],"curies":[{"name":"wp","href":"https:\/\/api.w.org\/{rel}","templated":true}]}}