{"id":3882,"date":"2025-10-21T09:13:32","date_gmt":"2025-10-21T09:13:32","guid":{"rendered":"https:\/\/fragoladelavega.com\/?post_type=product&#038;p=3882"},"modified":"2025-10-21T09:13:32","modified_gmt":"2025-10-21T09:13:32","slug":"collage-poesie-urbaine-pour-les-enfants-de-lhopital-neker","status":"publish","type":"product","link":"https:\/\/fragoladelavega.com\/en\/product\/collage-poesie-urbaine-pour-les-enfants-de-lhopital-neker\/","title":{"rendered":"Collage po\u00e9sie urbaine pour les enfants de l&rsquo;h\u00f4pital Neker"},"content":{"rendered":"","protected":false},"excerpt":{"rendered":"<p>Collages pour les enfants de l&rsquo;h\u00f4pital Neker &#8211; Paris 2023<\/p>","protected":false},"featured_media":3883,"template":"","meta":[],"product_brand":[],"product_cat":[51],"product_tag":[],"class_list":{"0":"post-3882","1":"product","2":"type-product","3":"status-publish","4":"has-post-thumbnail","6":"product_cat-street-art","8":"first","9":"instock","10":"shipping-taxable","11":"product-type-simple"},"yoast_head":"<!-- This site is optimized with the Yoast SEO plugin v26.3 - https:\/\/yoast.com\/wordpress\/plugins\/seo\/ -->\n<title>Collage po\u00e9sie urbaine pour les enfants de l&#039;h\u00f4pital Neker - Fragola de la Vega<\/title>\n<meta name=\"description\" content=\"Collage r\u00e9alis\u00e9 par Fragola de la Vega \u00e0 l&#039;h\u00f4pital Neker\" \/>\n<meta name=\"robots\" content=\"index, follow, max-snippet:-1, max-image-preview:large, max-video-preview:-1\" \/>\n<link rel=\"canonical\" href=\"https:\/\/fragoladelavega.com\/en\/product\/collage-poesie-urbaine-pour-les-enfants-de-lhopital-neker\/\" \/>\n<meta property=\"og:locale\" content=\"en_US\" \/>\n<meta property=\"og:type\" content=\"article\" \/>\n<meta property=\"og:title\" content=\"Collage po\u00e9sie urbaine pour les enfants de l&#039;h\u00f4pital Neker - Fragola de la Vega\" \/>\n<meta property=\"og:description\" content=\"Collage r\u00e9alis\u00e9 par Fragola de la Vega \u00e0 l&#039;h\u00f4pital Neker\" \/>\n<meta property=\"og:url\" content=\"https:\/\/fragoladelavega.com\/en\/product\/collage-poesie-urbaine-pour-les-enfants-de-lhopital-neker\/\" \/>\n<meta property=\"og:site_name\" content=\"Fragola de la Vega\" \/>\n<meta name=\"twitter:card\" content=\"summary_large_image\" \/>\n<meta name=\"twitter:label1\" content=\"Est. reading time\" \/>\n\t<meta name=\"twitter:data1\" content=\"1 minute\" \/>\n<script type=\"application\/ld+json\" class=\"yoast-schema-graph\">{\"@context\":\"https:\/\/schema.org\",\"@graph\":[{\"@type\":\"WebPage\",\"@id\":\"https:\/\/fragoladelavega.com\/product\/collage-poesie-urbaine-pour-les-enfants-de-lhopital-neker\/\",\"url\":\"https:\/\/fragoladelavega.com\/product\/collage-poesie-urbaine-pour-les-enfants-de-lhopital-neker\/\",\"name\":\"Collage po\u00e9sie urbaine pour les enfants de l'h\u00f4pital Neker - Fragola de la Vega\",\"isPartOf\":{\"@id\":\"https:\/\/fragoladelavega.com\/#website\"},\"primaryImageOfPage\":{\"@id\":\"https:\/\/fragoladelavega.com\/product\/collage-poesie-urbaine-pour-les-enfants-de-lhopital-neker\/#primaryimage\"},\"image\":{\"@id\":\"https:\/\/fragoladelavega.com\/product\/collage-poesie-urbaine-pour-les-enfants-de-lhopital-neker\/#primaryimage\"},\"thumbnailUrl\":\"https:\/\/fragoladelavega.com\/wp-content\/uploads\/2025\/10\/IMG_0853-2-scaled.jpg\",\"datePublished\":\"2025-10-21T09:13:32+00:00\",\"description\":\"Collage r\u00e9alis\u00e9 par Fragola de la Vega \u00e0 l'h\u00f4pital Neker\",\"breadcrumb\":{\"@id\":\"https:\/\/fragoladelavega.com\/product\/collage-poesie-urbaine-pour-les-enfants-de-lhopital-neker\/#breadcrumb\"},\"inLanguage\":\"en-US\",\"potentialAction\":[{\"@type\":\"ReadAction\",\"target\":[\"https:\/\/fragoladelavega.com\/product\/collage-poesie-urbaine-pour-les-enfants-de-lhopital-neker\/\"]}]},{\"@type\":\"ImageObject\",\"inLanguage\":\"en-US\",\"@id\":\"https:\/\/fragoladelavega.com\/product\/collage-poesie-urbaine-pour-les-enfants-de-lhopital-neker\/#primaryimage\",\"url\":\"https:\/\/fragoladelavega.com\/wp-content\/uploads\/2025\/10\/IMG_0853-2-scaled.jpg\",\"contentUrl\":\"https:\/\/fragoladelavega.com\/wp-content\/uploads\/2025\/10\/IMG_0853-2-scaled.jpg\",\"width\":1920,\"height\":2560},{\"@type\":\"BreadcrumbList\",\"@id\":\"https:\/\/fragoladelavega.com\/product\/collage-poesie-urbaine-pour-les-enfants-de-lhopital-neker\/#breadcrumb\",\"itemListElement\":[{\"@type\":\"ListItem\",\"position\":1,\"name\":\"Accueil\",\"item\":\"https:\/\/fragoladelavega.com\/\"},{\"@type\":\"ListItem\",\"position\":2,\"name\":\"Oeuvres\",\"item\":\"https:\/\/fragoladelavega.com\/products\/\"},{\"@type\":\"ListItem\",\"position\":3,\"name\":\"Collage po\u00e9sie urbaine pour les enfants de l&rsquo;h\u00f4pital Neker\"}]},{\"@type\":\"WebSite\",\"@id\":\"https:\/\/fragoladelavega.com\/#website\",\"url\":\"https:\/\/fragoladelavega.com\/\",\"name\":\"Fragola de la Vega\",\"description\":\"Artiste peintre et Street Art\",\"publisher\":{\"@id\":\"https:\/\/fragoladelavega.com\/#organization\"},\"alternateName\":\"Fragola de la Vega\",\"potentialAction\":[{\"@type\":\"SearchAction\",\"target\":{\"@type\":\"EntryPoint\",\"urlTemplate\":\"https:\/\/fragoladelavega.com\/?s={search_term_string}\"},\"query-input\":{\"@type\":\"PropertyValueSpecification\",\"valueRequired\":true,\"valueName\":\"search_term_string\"}}],\"inLanguage\":\"en-US\"},{\"@type\":\"Organization\",\"@id\":\"https:\/\/fragoladelavega.com\/#organization\",\"name\":\"Fragola de la Vega\",\"alternateName\":\"Fragola de la Vega\",\"url\":\"https:\/\/fragoladelavega.com\/\",\"logo\":{\"@type\":\"ImageObject\",\"inLanguage\":\"en-US\",\"@id\":\"https:\/\/fragoladelavega.com\/#\/schema\/logo\/image\/\",\"url\":\"https:\/\/fragoladelavega.com\/wp-content\/uploads\/2025\/09\/fragola-scaled.png\",\"contentUrl\":\"https:\/\/fragoladelavega.com\/wp-content\/uploads\/2025\/09\/fragola-scaled.png\",\"width\":2560,\"height\":941,\"caption\":\"Fragola de la Vega\"},\"image\":{\"@id\":\"https:\/\/fragoladelavega.com\/#\/schema\/logo\/image\/\"}}]}<\/script>\n<!-- \/ Yoast SEO plugin. -->","yoast_head_json":{"title":"Collage po\u00e9sie urbaine pour les enfants de l'h\u00f4pital Neker - Fragola de la Vega","description":"Collage r\u00e9alis\u00e9 par Fragola de la Vega \u00e0 l'h\u00f4pital Neker","robots":{"index":"index","follow":"follow","max-snippet":"max-snippet:-1","max-image-preview":"max-image-preview:large","max-video-preview":"max-video-preview:-1"},"canonical":"https:\/\/fragoladelavega.com\/en\/product\/collage-poesie-urbaine-pour-les-enfants-de-lhopital-neker\/","og_locale":"en_US","og_type":"article","og_title":"Collage po\u00e9sie urbaine pour les enfants de l'h\u00f4pital Neker - Fragola de la Vega","og_description":"Collage r\u00e9alis\u00e9 par Fragola de la Vega \u00e0 l'h\u00f4pital Neker","og_url":"https:\/\/fragoladelavega.com\/en\/product\/collage-poesie-urbaine-pour-les-enfants-de-lhopital-neker\/","og_site_name":"Fragola de la Vega","twitter_card":"summary_large_image","twitter_misc":{"Est. reading time":"1 minute"},"schema":{"@context":"https:\/\/schema.org","@graph":[{"@type":"WebPage","@id":"https:\/\/fragoladelavega.com\/product\/collage-poesie-urbaine-pour-les-enfants-de-lhopital-neker\/","url":"https:\/\/fragoladelavega.com\/product\/collage-poesie-urbaine-pour-les-enfants-de-lhopital-neker\/","name":"Collage po\u00e9sie urbaine pour les enfants de l'h\u00f4pital Neker - Fragola de la Vega","isPartOf":{"@id":"https:\/\/fragoladelavega.com\/#website"},"primaryImageOfPage":{"@id":"https:\/\/fragoladelavega.com\/product\/collage-poesie-urbaine-pour-les-enfants-de-lhopital-neker\/#primaryimage"},"image":{"@id":"https:\/\/fragoladelavega.com\/product\/collage-poesie-urbaine-pour-les-enfants-de-lhopital-neker\/#primaryimage"},"thumbnailUrl":"https:\/\/fragoladelavega.com\/wp-content\/uploads\/2025\/10\/IMG_0853-2-scaled.jpg","datePublished":"2025-10-21T09:13:32+00:00","description":"Collage r\u00e9alis\u00e9 par Fragola de la Vega \u00e0 l'h\u00f4pital Neker","breadcrumb":{"@id":"https:\/\/fragoladelavega.com\/product\/collage-poesie-urbaine-pour-les-enfants-de-lhopital-neker\/#breadcrumb"},"inLanguage":"en-US","potentialAction":[{"@type":"ReadAction","target":["https:\/\/fragoladelavega.com\/product\/collage-poesie-urbaine-pour-les-enfants-de-lhopital-neker\/"]}]},{"@type":"ImageObject","inLanguage":"en-US","@id":"https:\/\/fragoladelavega.com\/product\/collage-poesie-urbaine-pour-les-enfants-de-lhopital-neker\/#primaryimage","url":"https:\/\/fragoladelavega.com\/wp-content\/uploads\/2025\/10\/IMG_0853-2-scaled.jpg","contentUrl":"https:\/\/fragoladelavega.com\/wp-content\/uploads\/2025\/10\/IMG_0853-2-scaled.jpg","width":1920,"height":2560},{"@type":"BreadcrumbList","@id":"https:\/\/fragoladelavega.com\/product\/collage-poesie-urbaine-pour-les-enfants-de-lhopital-neker\/#breadcrumb","itemListElement":[{"@type":"ListItem","position":1,"name":"Accueil","item":"https:\/\/fragoladelavega.com\/"},{"@type":"ListItem","position":2,"name":"Oeuvres","item":"https:\/\/fragoladelavega.com\/products\/"},{"@type":"ListItem","position":3,"name":"Collage po\u00e9sie urbaine pour les enfants de l&rsquo;h\u00f4pital Neker"}]},{"@type":"WebSite","@id":"https:\/\/fragoladelavega.com\/#website","url":"https:\/\/fragoladelavega.com\/","name":"Fragola de la Vega","description":"Artiste peintre et Street Art","publisher":{"@id":"https:\/\/fragoladelavega.com\/#organization"},"alternateName":"Fragola de la Vega","potentialAction":[{"@type":"SearchAction","target":{"@type":"EntryPoint","urlTemplate":"https:\/\/fragoladelavega.com\/?s={search_term_string}"},"query-input":{"@type":"PropertyValueSpecification","valueRequired":true,"valueName":"search_term_string"}}],"inLanguage":"en-US"},{"@type":"Organization","@id":"https:\/\/fragoladelavega.com\/#organization","name":"Fragola de la Vega","alternateName":"Fragola de la Vega","url":"https:\/\/fragoladelavega.com\/","logo":{"@type":"ImageObject","inLanguage":"en-US","@id":"https:\/\/fragoladelavega.com\/#\/schema\/logo\/image\/","url":"https:\/\/fragoladelavega.com\/wp-content\/uploads\/2025\/09\/fragola-scaled.png","contentUrl":"https:\/\/fragoladelavega.com\/wp-content\/uploads\/2025\/09\/fragola-scaled.png","width":2560,"height":941,"caption":"Fragola de la Vega"},"image":{"@id":"https:\/\/fragoladelavega.com\/#\/schema\/logo\/image\/"}}]}},"_links":{"self":[{"href":"https:\/\/fragoladelavega.com\/en\/wp-json\/wp\/v2\/product\/3882","targetHints":{"allow":["GET"]}}],"collection":[{"href":"https:\/\/fragoladelavega.com\/en\/wp-json\/wp\/v2\/product"}],"about":[{"href":"https:\/\/fragoladelavega.com\/en\/wp-json\/wp\/v2\/types\/product"}],"wp:featuredmedia":[{"embeddable":true,"href":"https:\/\/fragoladelavega.com\/en\/wp-json\/wp\/v2\/media\/3883"}],"wp:attachment":[{"href":"https:\/\/fragoladelavega.com\/en\/wp-json\/wp\/v2\/media?parent=3882"}],"wp:term":[{"taxonomy":"product_brand","embeddable":true,"href":"https:\/\/fragoladelavega.com\/en\/wp-json\/wp\/v2\/product_brand?post=3882"},{"taxonomy":"product_cat","embeddable":true,"href":"https:\/\/fragoladelavega.com\/en\/wp-json\/wp\/v2\/product_cat?post=3882"},{"taxonomy":"product_tag","embeddable":true,"href":"https:\/\/fragoladelavega.com\/en\/wp-json\/wp\/v2\/product_tag?post=3882"}],"curies":[{"name":"wp","href":"https:\/\/api.w.org\/{rel}","templated":true}]}}