{"id":3920,"date":"2025-10-21T09:41:46","date_gmt":"2025-10-21T09:41:46","guid":{"rendered":"https:\/\/fragoladelavega.com\/?post_type=product&#038;p=3920"},"modified":"2025-10-21T09:46:29","modified_gmt":"2025-10-21T09:46:29","slug":"dans-la-lune-conteuse","status":"publish","type":"product","link":"https:\/\/fragoladelavega.com\/en\/product\/dans-la-lune-conteuse\/","title":{"rendered":"Dans la lune. Conteuse"},"content":{"rendered":"","protected":false},"excerpt":{"rendered":"<p>Fresque dans cage d&rsquo;\u00e9scalier. Projet #l_\u00e9quip\u00e9e \u00e0 Montreuil. Janvier 2024 &#8211; Event organis\u00e9 par @L_empreinte_Jo_V<\/p>","protected":false},"featured_media":3921,"template":"","meta":[],"product_brand":[],"product_cat":[51],"product_tag":[],"class_list":{"0":"post-3920","1":"product","2":"type-product","3":"status-publish","4":"has-post-thumbnail","6":"product_cat-street-art","8":"first","9":"instock","10":"shipping-taxable","11":"product-type-simple"},"yoast_head":"<!-- This site is optimized with the Yoast SEO plugin v26.3 - https:\/\/yoast.com\/wordpress\/plugins\/seo\/ -->\n<title>Dans la lune. Conteuse - Fragola de la Vega<\/title>\n<meta name=\"description\" content=\"fresque r\u00e9alis\u00e9e par Fragola de la Vega \u00e0 Montreuil\" \/>\n<meta name=\"robots\" content=\"index, follow, max-snippet:-1, max-image-preview:large, max-video-preview:-1\" \/>\n<link rel=\"canonical\" href=\"https:\/\/fragoladelavega.com\/en\/product\/dans-la-lune-conteuse\/\" \/>\n<meta property=\"og:locale\" content=\"en_US\" \/>\n<meta property=\"og:type\" content=\"article\" \/>\n<meta property=\"og:title\" content=\"Dans la lune. Conteuse - Fragola de la Vega\" \/>\n<meta property=\"og:description\" content=\"fresque r\u00e9alis\u00e9e par Fragola de la Vega \u00e0 Montreuil\" \/>\n<meta property=\"og:url\" content=\"https:\/\/fragoladelavega.com\/en\/product\/dans-la-lune-conteuse\/\" \/>\n<meta property=\"og:site_name\" content=\"Fragola de la Vega\" \/>\n<meta property=\"article:modified_time\" content=\"2025-10-21T09:46:29+00:00\" \/>\n<meta name=\"twitter:card\" content=\"summary_large_image\" \/>\n<meta name=\"twitter:label1\" content=\"Est. reading time\" \/>\n\t<meta name=\"twitter:data1\" content=\"1 minute\" \/>\n<script type=\"application\/ld+json\" class=\"yoast-schema-graph\">{\"@context\":\"https:\/\/schema.org\",\"@graph\":[{\"@type\":\"WebPage\",\"@id\":\"https:\/\/fragoladelavega.com\/product\/dans-la-lune-conteuse\/\",\"url\":\"https:\/\/fragoladelavega.com\/product\/dans-la-lune-conteuse\/\",\"name\":\"Dans la lune. Conteuse - Fragola de la Vega\",\"isPartOf\":{\"@id\":\"https:\/\/fragoladelavega.com\/#website\"},\"primaryImageOfPage\":{\"@id\":\"https:\/\/fragoladelavega.com\/product\/dans-la-lune-conteuse\/#primaryimage\"},\"image\":{\"@id\":\"https:\/\/fragoladelavega.com\/product\/dans-la-lune-conteuse\/#primaryimage\"},\"thumbnailUrl\":\"https:\/\/fragoladelavega.com\/wp-content\/uploads\/2025\/10\/IMG_5519-scaled.jpg\",\"datePublished\":\"2025-10-21T09:41:46+00:00\",\"dateModified\":\"2025-10-21T09:46:29+00:00\",\"description\":\"fresque r\u00e9alis\u00e9e par Fragola de la Vega \u00e0 Montreuil\",\"breadcrumb\":{\"@id\":\"https:\/\/fragoladelavega.com\/product\/dans-la-lune-conteuse\/#breadcrumb\"},\"inLanguage\":\"en-US\",\"potentialAction\":[{\"@type\":\"ReadAction\",\"target\":[\"https:\/\/fragoladelavega.com\/product\/dans-la-lune-conteuse\/\"]}]},{\"@type\":\"ImageObject\",\"inLanguage\":\"en-US\",\"@id\":\"https:\/\/fragoladelavega.com\/product\/dans-la-lune-conteuse\/#primaryimage\",\"url\":\"https:\/\/fragoladelavega.com\/wp-content\/uploads\/2025\/10\/IMG_5519-scaled.jpg\",\"contentUrl\":\"https:\/\/fragoladelavega.com\/wp-content\/uploads\/2025\/10\/IMG_5519-scaled.jpg\",\"width\":1920,\"height\":2560},{\"@type\":\"BreadcrumbList\",\"@id\":\"https:\/\/fragoladelavega.com\/product\/dans-la-lune-conteuse\/#breadcrumb\",\"itemListElement\":[{\"@type\":\"ListItem\",\"position\":1,\"name\":\"Accueil\",\"item\":\"https:\/\/fragoladelavega.com\/\"},{\"@type\":\"ListItem\",\"position\":2,\"name\":\"Oeuvres\",\"item\":\"https:\/\/fragoladelavega.com\/products\/\"},{\"@type\":\"ListItem\",\"position\":3,\"name\":\"Dans la lune. Conteuse\"}]},{\"@type\":\"WebSite\",\"@id\":\"https:\/\/fragoladelavega.com\/#website\",\"url\":\"https:\/\/fragoladelavega.com\/\",\"name\":\"Fragola de la Vega\",\"description\":\"Artiste peintre et Street Art\",\"publisher\":{\"@id\":\"https:\/\/fragoladelavega.com\/#organization\"},\"alternateName\":\"Fragola de la Vega\",\"potentialAction\":[{\"@type\":\"SearchAction\",\"target\":{\"@type\":\"EntryPoint\",\"urlTemplate\":\"https:\/\/fragoladelavega.com\/?s={search_term_string}\"},\"query-input\":{\"@type\":\"PropertyValueSpecification\",\"valueRequired\":true,\"valueName\":\"search_term_string\"}}],\"inLanguage\":\"en-US\"},{\"@type\":\"Organization\",\"@id\":\"https:\/\/fragoladelavega.com\/#organization\",\"name\":\"Fragola de la Vega\",\"alternateName\":\"Fragola de la Vega\",\"url\":\"https:\/\/fragoladelavega.com\/\",\"logo\":{\"@type\":\"ImageObject\",\"inLanguage\":\"en-US\",\"@id\":\"https:\/\/fragoladelavega.com\/#\/schema\/logo\/image\/\",\"url\":\"https:\/\/fragoladelavega.com\/wp-content\/uploads\/2025\/09\/fragola-scaled.png\",\"contentUrl\":\"https:\/\/fragoladelavega.com\/wp-content\/uploads\/2025\/09\/fragola-scaled.png\",\"width\":2560,\"height\":941,\"caption\":\"Fragola de la Vega\"},\"image\":{\"@id\":\"https:\/\/fragoladelavega.com\/#\/schema\/logo\/image\/\"}}]}<\/script>\n<!-- \/ Yoast SEO plugin. -->","yoast_head_json":{"title":"Dans la lune. Conteuse - Fragola de la Vega","description":"fresque r\u00e9alis\u00e9e par Fragola de la Vega \u00e0 Montreuil","robots":{"index":"index","follow":"follow","max-snippet":"max-snippet:-1","max-image-preview":"max-image-preview:large","max-video-preview":"max-video-preview:-1"},"canonical":"https:\/\/fragoladelavega.com\/en\/product\/dans-la-lune-conteuse\/","og_locale":"en_US","og_type":"article","og_title":"Dans la lune. Conteuse - Fragola de la Vega","og_description":"fresque r\u00e9alis\u00e9e par Fragola de la Vega \u00e0 Montreuil","og_url":"https:\/\/fragoladelavega.com\/en\/product\/dans-la-lune-conteuse\/","og_site_name":"Fragola de la Vega","article_modified_time":"2025-10-21T09:46:29+00:00","twitter_card":"summary_large_image","twitter_misc":{"Est. reading time":"1 minute"},"schema":{"@context":"https:\/\/schema.org","@graph":[{"@type":"WebPage","@id":"https:\/\/fragoladelavega.com\/product\/dans-la-lune-conteuse\/","url":"https:\/\/fragoladelavega.com\/product\/dans-la-lune-conteuse\/","name":"Dans la lune. Conteuse - Fragola de la Vega","isPartOf":{"@id":"https:\/\/fragoladelavega.com\/#website"},"primaryImageOfPage":{"@id":"https:\/\/fragoladelavega.com\/product\/dans-la-lune-conteuse\/#primaryimage"},"image":{"@id":"https:\/\/fragoladelavega.com\/product\/dans-la-lune-conteuse\/#primaryimage"},"thumbnailUrl":"https:\/\/fragoladelavega.com\/wp-content\/uploads\/2025\/10\/IMG_5519-scaled.jpg","datePublished":"2025-10-21T09:41:46+00:00","dateModified":"2025-10-21T09:46:29+00:00","description":"fresque r\u00e9alis\u00e9e par Fragola de la Vega \u00e0 Montreuil","breadcrumb":{"@id":"https:\/\/fragoladelavega.com\/product\/dans-la-lune-conteuse\/#breadcrumb"},"inLanguage":"en-US","potentialAction":[{"@type":"ReadAction","target":["https:\/\/fragoladelavega.com\/product\/dans-la-lune-conteuse\/"]}]},{"@type":"ImageObject","inLanguage":"en-US","@id":"https:\/\/fragoladelavega.com\/product\/dans-la-lune-conteuse\/#primaryimage","url":"https:\/\/fragoladelavega.com\/wp-content\/uploads\/2025\/10\/IMG_5519-scaled.jpg","contentUrl":"https:\/\/fragoladelavega.com\/wp-content\/uploads\/2025\/10\/IMG_5519-scaled.jpg","width":1920,"height":2560},{"@type":"BreadcrumbList","@id":"https:\/\/fragoladelavega.com\/product\/dans-la-lune-conteuse\/#breadcrumb","itemListElement":[{"@type":"ListItem","position":1,"name":"Accueil","item":"https:\/\/fragoladelavega.com\/"},{"@type":"ListItem","position":2,"name":"Oeuvres","item":"https:\/\/fragoladelavega.com\/products\/"},{"@type":"ListItem","position":3,"name":"Dans la lune. Conteuse"}]},{"@type":"WebSite","@id":"https:\/\/fragoladelavega.com\/#website","url":"https:\/\/fragoladelavega.com\/","name":"Fragola de la Vega","description":"Artiste peintre et Street Art","publisher":{"@id":"https:\/\/fragoladelavega.com\/#organization"},"alternateName":"Fragola de la Vega","potentialAction":[{"@type":"SearchAction","target":{"@type":"EntryPoint","urlTemplate":"https:\/\/fragoladelavega.com\/?s={search_term_string}"},"query-input":{"@type":"PropertyValueSpecification","valueRequired":true,"valueName":"search_term_string"}}],"inLanguage":"en-US"},{"@type":"Organization","@id":"https:\/\/fragoladelavega.com\/#organization","name":"Fragola de la Vega","alternateName":"Fragola de la Vega","url":"https:\/\/fragoladelavega.com\/","logo":{"@type":"ImageObject","inLanguage":"en-US","@id":"https:\/\/fragoladelavega.com\/#\/schema\/logo\/image\/","url":"https:\/\/fragoladelavega.com\/wp-content\/uploads\/2025\/09\/fragola-scaled.png","contentUrl":"https:\/\/fragoladelavega.com\/wp-content\/uploads\/2025\/09\/fragola-scaled.png","width":2560,"height":941,"caption":"Fragola de la Vega"},"image":{"@id":"https:\/\/fragoladelavega.com\/#\/schema\/logo\/image\/"}}]}},"_links":{"self":[{"href":"https:\/\/fragoladelavega.com\/en\/wp-json\/wp\/v2\/product\/3920","targetHints":{"allow":["GET"]}}],"collection":[{"href":"https:\/\/fragoladelavega.com\/en\/wp-json\/wp\/v2\/product"}],"about":[{"href":"https:\/\/fragoladelavega.com\/en\/wp-json\/wp\/v2\/types\/product"}],"wp:featuredmedia":[{"embeddable":true,"href":"https:\/\/fragoladelavega.com\/en\/wp-json\/wp\/v2\/media\/3921"}],"wp:attachment":[{"href":"https:\/\/fragoladelavega.com\/en\/wp-json\/wp\/v2\/media?parent=3920"}],"wp:term":[{"taxonomy":"product_brand","embeddable":true,"href":"https:\/\/fragoladelavega.com\/en\/wp-json\/wp\/v2\/product_brand?post=3920"},{"taxonomy":"product_cat","embeddable":true,"href":"https:\/\/fragoladelavega.com\/en\/wp-json\/wp\/v2\/product_cat?post=3920"},{"taxonomy":"product_tag","embeddable":true,"href":"https:\/\/fragoladelavega.com\/en\/wp-json\/wp\/v2\/product_tag?post=3920"}],"curies":[{"name":"wp","href":"https:\/\/api.w.org\/{rel}","templated":true}]}}