{"id":4203,"date":"2026-01-20T10:21:36","date_gmt":"2026-01-20T10:21:36","guid":{"rendered":"https:\/\/fragoladelavega.com\/?post_type=product&#038;p=4203"},"modified":"2026-04-04T06:41:50","modified_gmt":"2026-04-04T06:41:50","slug":"billet-du-venezuela-6","status":"publish","type":"product","link":"https:\/\/fragoladelavega.com\/en\/product\/billet-du-venezuela-6\/","title":{"rendered":"Billet du Venezuela"},"content":{"rendered":"","protected":false},"excerpt":{"rendered":"<p><span class=\"s2\">Billet de 500 Bolivares &#8211; Republica Bolivariana de Venezuela &#8211; Encre et acrylique &#8211; sign\u00e9s au dos, 2025<\/span><\/p>\n<p>&nbsp;<\/p>\n<p>Disponible \u00e0 la galerie Macha \u00e0 Saint-Maur-des-Foss\u00e9s<\/p>","protected":false},"featured_media":4192,"template":"","meta":[],"product_brand":[],"product_cat":[53],"product_tag":[],"class_list":{"0":"post-4203","1":"product","2":"type-product","3":"status-publish","4":"has-post-thumbnail","6":"product_cat-autres-oeuvres","7":"product_shipping_class-moyen-format-sans-cadre","9":"first","10":"instock","11":"sold-individually","12":"shipping-taxable","13":"product-type-simple"},"yoast_head":"<!-- This site is optimized with the Yoast SEO plugin v26.3 - https:\/\/yoast.com\/wordpress\/plugins\/seo\/ -->\n<title>Billet du Venezuela - Fragola de la Vega<\/title>\n<meta name=\"robots\" content=\"index, follow, max-snippet:-1, max-image-preview:large, max-video-preview:-1\" \/>\n<link rel=\"canonical\" href=\"https:\/\/fragoladelavega.com\/en\/product\/billet-du-venezuela-6\/\" \/>\n<meta property=\"og:locale\" content=\"en_US\" \/>\n<meta property=\"og:type\" content=\"article\" \/>\n<meta property=\"og:title\" content=\"Billet du Venezuela - Fragola de la Vega\" \/>\n<meta property=\"og:description\" content=\"Billet de 500 Bolivares - Republica Bolivariana de Venezuela - Encre et acrylique - sign\u00e9s au dos, 2025  &nbsp;  Disponible \u00e0 la galerie Macha \u00e0 Saint-Maur-des-Foss\u00e9s\" \/>\n<meta property=\"og:url\" content=\"https:\/\/fragoladelavega.com\/en\/product\/billet-du-venezuela-6\/\" \/>\n<meta property=\"og:site_name\" content=\"Fragola de la Vega\" \/>\n<meta property=\"article:modified_time\" content=\"2026-04-04T06:41:50+00:00\" \/>\n<meta property=\"og:image\" content=\"https:\/\/fragoladelavega.com\/wp-content\/uploads\/2026\/01\/Billet-2026-08-scaled.jpg\" \/>\n\t<meta property=\"og:image:width\" content=\"1920\" \/>\n\t<meta property=\"og:image:height\" content=\"2560\" \/>\n\t<meta property=\"og:image:type\" content=\"image\/jpeg\" \/>\n<meta name=\"twitter:card\" content=\"summary_large_image\" \/>\n<meta name=\"twitter:label1\" content=\"Est. reading time\" \/>\n\t<meta name=\"twitter:data1\" content=\"1 minute\" \/>\n<script type=\"application\/ld+json\" class=\"yoast-schema-graph\">{\"@context\":\"https:\/\/schema.org\",\"@graph\":[{\"@type\":\"WebPage\",\"@id\":\"https:\/\/fragoladelavega.com\/product\/billet-du-venezuela-6\/\",\"url\":\"https:\/\/fragoladelavega.com\/product\/billet-du-venezuela-6\/\",\"name\":\"Billet du Venezuela - Fragola de la Vega\",\"isPartOf\":{\"@id\":\"https:\/\/fragoladelavega.com\/#website\"},\"primaryImageOfPage\":{\"@id\":\"https:\/\/fragoladelavega.com\/product\/billet-du-venezuela-6\/#primaryimage\"},\"image\":{\"@id\":\"https:\/\/fragoladelavega.com\/product\/billet-du-venezuela-6\/#primaryimage\"},\"thumbnailUrl\":\"https:\/\/fragoladelavega.com\/wp-content\/uploads\/2026\/01\/Billet-2026-08-scaled.jpg\",\"datePublished\":\"2026-01-20T10:21:36+00:00\",\"dateModified\":\"2026-04-04T06:41:50+00:00\",\"breadcrumb\":{\"@id\":\"https:\/\/fragoladelavega.com\/product\/billet-du-venezuela-6\/#breadcrumb\"},\"inLanguage\":\"en-US\",\"potentialAction\":[{\"@type\":\"ReadAction\",\"target\":[\"https:\/\/fragoladelavega.com\/product\/billet-du-venezuela-6\/\"]}]},{\"@type\":\"ImageObject\",\"inLanguage\":\"en-US\",\"@id\":\"https:\/\/fragoladelavega.com\/product\/billet-du-venezuela-6\/#primaryimage\",\"url\":\"https:\/\/fragoladelavega.com\/wp-content\/uploads\/2026\/01\/Billet-2026-08-scaled.jpg\",\"contentUrl\":\"https:\/\/fragoladelavega.com\/wp-content\/uploads\/2026\/01\/Billet-2026-08-scaled.jpg\",\"width\":1920,\"height\":2560},{\"@type\":\"BreadcrumbList\",\"@id\":\"https:\/\/fragoladelavega.com\/product\/billet-du-venezuela-6\/#breadcrumb\",\"itemListElement\":[{\"@type\":\"ListItem\",\"position\":1,\"name\":\"Accueil\",\"item\":\"https:\/\/fragoladelavega.com\/\"},{\"@type\":\"ListItem\",\"position\":2,\"name\":\"Oeuvres\",\"item\":\"https:\/\/fragoladelavega.com\/products\/\"},{\"@type\":\"ListItem\",\"position\":3,\"name\":\"Billet du Venezuela\"}]},{\"@type\":\"WebSite\",\"@id\":\"https:\/\/fragoladelavega.com\/#website\",\"url\":\"https:\/\/fragoladelavega.com\/\",\"name\":\"Fragola de la Vega\",\"description\":\"Artiste peintre et Street Art\",\"publisher\":{\"@id\":\"https:\/\/fragoladelavega.com\/#organization\"},\"alternateName\":\"Fragola de la Vega\",\"potentialAction\":[{\"@type\":\"SearchAction\",\"target\":{\"@type\":\"EntryPoint\",\"urlTemplate\":\"https:\/\/fragoladelavega.com\/?s={search_term_string}\"},\"query-input\":{\"@type\":\"PropertyValueSpecification\",\"valueRequired\":true,\"valueName\":\"search_term_string\"}}],\"inLanguage\":\"en-US\"},{\"@type\":\"Organization\",\"@id\":\"https:\/\/fragoladelavega.com\/#organization\",\"name\":\"Fragola de la Vega\",\"alternateName\":\"Fragola de la Vega\",\"url\":\"https:\/\/fragoladelavega.com\/\",\"logo\":{\"@type\":\"ImageObject\",\"inLanguage\":\"en-US\",\"@id\":\"https:\/\/fragoladelavega.com\/#\/schema\/logo\/image\/\",\"url\":\"https:\/\/fragoladelavega.com\/wp-content\/uploads\/2025\/09\/fragola-scaled.png\",\"contentUrl\":\"https:\/\/fragoladelavega.com\/wp-content\/uploads\/2025\/09\/fragola-scaled.png\",\"width\":2560,\"height\":941,\"caption\":\"Fragola de la Vega\"},\"image\":{\"@id\":\"https:\/\/fragoladelavega.com\/#\/schema\/logo\/image\/\"}}]}<\/script>\n<!-- \/ Yoast SEO plugin. -->","yoast_head_json":{"title":"Billet du Venezuela - Fragola de la Vega","robots":{"index":"index","follow":"follow","max-snippet":"max-snippet:-1","max-image-preview":"max-image-preview:large","max-video-preview":"max-video-preview:-1"},"canonical":"https:\/\/fragoladelavega.com\/en\/product\/billet-du-venezuela-6\/","og_locale":"en_US","og_type":"article","og_title":"Billet du Venezuela - Fragola de la Vega","og_description":"Billet de 500 Bolivares - Republica Bolivariana de Venezuela - Encre et acrylique - sign\u00e9s au dos, 2025  &nbsp;  Disponible \u00e0 la galerie Macha \u00e0 Saint-Maur-des-Foss\u00e9s","og_url":"https:\/\/fragoladelavega.com\/en\/product\/billet-du-venezuela-6\/","og_site_name":"Fragola de la Vega","article_modified_time":"2026-04-04T06:41:50+00:00","og_image":[{"width":1920,"height":2560,"url":"https:\/\/fragoladelavega.com\/wp-content\/uploads\/2026\/01\/Billet-2026-08-scaled.jpg","type":"image\/jpeg"}],"twitter_card":"summary_large_image","twitter_misc":{"Est. reading time":"1 minute"},"schema":{"@context":"https:\/\/schema.org","@graph":[{"@type":"WebPage","@id":"https:\/\/fragoladelavega.com\/product\/billet-du-venezuela-6\/","url":"https:\/\/fragoladelavega.com\/product\/billet-du-venezuela-6\/","name":"Billet du Venezuela - Fragola de la Vega","isPartOf":{"@id":"https:\/\/fragoladelavega.com\/#website"},"primaryImageOfPage":{"@id":"https:\/\/fragoladelavega.com\/product\/billet-du-venezuela-6\/#primaryimage"},"image":{"@id":"https:\/\/fragoladelavega.com\/product\/billet-du-venezuela-6\/#primaryimage"},"thumbnailUrl":"https:\/\/fragoladelavega.com\/wp-content\/uploads\/2026\/01\/Billet-2026-08-scaled.jpg","datePublished":"2026-01-20T10:21:36+00:00","dateModified":"2026-04-04T06:41:50+00:00","breadcrumb":{"@id":"https:\/\/fragoladelavega.com\/product\/billet-du-venezuela-6\/#breadcrumb"},"inLanguage":"en-US","potentialAction":[{"@type":"ReadAction","target":["https:\/\/fragoladelavega.com\/product\/billet-du-venezuela-6\/"]}]},{"@type":"ImageObject","inLanguage":"en-US","@id":"https:\/\/fragoladelavega.com\/product\/billet-du-venezuela-6\/#primaryimage","url":"https:\/\/fragoladelavega.com\/wp-content\/uploads\/2026\/01\/Billet-2026-08-scaled.jpg","contentUrl":"https:\/\/fragoladelavega.com\/wp-content\/uploads\/2026\/01\/Billet-2026-08-scaled.jpg","width":1920,"height":2560},{"@type":"BreadcrumbList","@id":"https:\/\/fragoladelavega.com\/product\/billet-du-venezuela-6\/#breadcrumb","itemListElement":[{"@type":"ListItem","position":1,"name":"Accueil","item":"https:\/\/fragoladelavega.com\/"},{"@type":"ListItem","position":2,"name":"Oeuvres","item":"https:\/\/fragoladelavega.com\/products\/"},{"@type":"ListItem","position":3,"name":"Billet du Venezuela"}]},{"@type":"WebSite","@id":"https:\/\/fragoladelavega.com\/#website","url":"https:\/\/fragoladelavega.com\/","name":"Fragola de la Vega","description":"Artiste peintre et Street Art","publisher":{"@id":"https:\/\/fragoladelavega.com\/#organization"},"alternateName":"Fragola de la Vega","potentialAction":[{"@type":"SearchAction","target":{"@type":"EntryPoint","urlTemplate":"https:\/\/fragoladelavega.com\/?s={search_term_string}"},"query-input":{"@type":"PropertyValueSpecification","valueRequired":true,"valueName":"search_term_string"}}],"inLanguage":"en-US"},{"@type":"Organization","@id":"https:\/\/fragoladelavega.com\/#organization","name":"Fragola de la Vega","alternateName":"Fragola de la Vega","url":"https:\/\/fragoladelavega.com\/","logo":{"@type":"ImageObject","inLanguage":"en-US","@id":"https:\/\/fragoladelavega.com\/#\/schema\/logo\/image\/","url":"https:\/\/fragoladelavega.com\/wp-content\/uploads\/2025\/09\/fragola-scaled.png","contentUrl":"https:\/\/fragoladelavega.com\/wp-content\/uploads\/2025\/09\/fragola-scaled.png","width":2560,"height":941,"caption":"Fragola de la Vega"},"image":{"@id":"https:\/\/fragoladelavega.com\/#\/schema\/logo\/image\/"}}]}},"_links":{"self":[{"href":"https:\/\/fragoladelavega.com\/en\/wp-json\/wp\/v2\/product\/4203","targetHints":{"allow":["GET"]}}],"collection":[{"href":"https:\/\/fragoladelavega.com\/en\/wp-json\/wp\/v2\/product"}],"about":[{"href":"https:\/\/fragoladelavega.com\/en\/wp-json\/wp\/v2\/types\/product"}],"wp:featuredmedia":[{"embeddable":true,"href":"https:\/\/fragoladelavega.com\/en\/wp-json\/wp\/v2\/media\/4192"}],"wp:attachment":[{"href":"https:\/\/fragoladelavega.com\/en\/wp-json\/wp\/v2\/media?parent=4203"}],"wp:term":[{"taxonomy":"product_brand","embeddable":true,"href":"https:\/\/fragoladelavega.com\/en\/wp-json\/wp\/v2\/product_brand?post=4203"},{"taxonomy":"product_cat","embeddable":true,"href":"https:\/\/fragoladelavega.com\/en\/wp-json\/wp\/v2\/product_cat?post=4203"},{"taxonomy":"product_tag","embeddable":true,"href":"https:\/\/fragoladelavega.com\/en\/wp-json\/wp\/v2\/product_tag?post=4203"}],"curies":[{"name":"wp","href":"https:\/\/api.w.org\/{rel}","templated":true}]}}