{"id":4229,"date":"2026-01-20T13:48:26","date_gmt":"2026-01-20T13:48:26","guid":{"rendered":"https:\/\/fragoladelavega.com\/?post_type=product&#038;p=4229"},"modified":"2026-03-06T16:32:16","modified_gmt":"2026-03-06T16:32:16","slug":"la-tempete-galoppante-2","status":"publish","type":"product","link":"https:\/\/fragoladelavega.com\/en\/product\/la-tempete-galoppante-2\/","title":{"rendered":"La temp\u00eate galoppante"},"content":{"rendered":"","protected":false},"excerpt":{"rendered":"<p class=\"p1\">Dessin original encre de chine et acrylique sur papier Canson encadr\u00e9 sous verre 50 x 70 cm<br \/>\nsignature en bas \u00e0 droite, 2025<span class=\"Apple-converted-space\">\u00a0<\/span><\/p>\n<p><strong>Disponible \u00e0 la Galerie D\u00e9tourn\u00e9e \u00e0 Lille<\/strong><\/p>","protected":false},"featured_media":4223,"template":"","meta":[],"product_brand":[],"product_cat":[48],"product_tag":[],"class_list":{"0":"post-4229","1":"product","2":"type-product","3":"status-publish","4":"has-post-thumbnail","6":"product_cat-oeuvres-uniques","7":"product_shipping_class-supports-bois","9":"first","10":"instock","11":"sold-individually","12":"shipping-taxable","13":"product-type-simple"},"yoast_head":"<!-- This site is optimized with the Yoast SEO plugin v26.3 - https:\/\/yoast.com\/wordpress\/plugins\/seo\/ -->\n<title>La temp\u00eate galoppante - Fragola de la Vega<\/title>\n<meta name=\"robots\" content=\"index, follow, max-snippet:-1, max-image-preview:large, max-video-preview:-1\" \/>\n<link rel=\"canonical\" href=\"https:\/\/fragoladelavega.com\/en\/product\/la-tempete-galoppante-2\/\" \/>\n<meta property=\"og:locale\" content=\"en_US\" \/>\n<meta property=\"og:type\" content=\"article\" \/>\n<meta property=\"og:title\" content=\"La temp\u00eate galoppante - Fragola de la Vega\" \/>\n<meta property=\"og:description\" content=\"Dessin original encre de chine et acrylique sur papier Canson encadr\u00e9 sous verre 50 x 70 cm signature en bas \u00e0 droite, 2025\u00a0 Disponible \u00e0 la Galerie D\u00e9tourn\u00e9e \u00e0 Lille\" \/>\n<meta property=\"og:url\" content=\"https:\/\/fragoladelavega.com\/en\/product\/la-tempete-galoppante-2\/\" \/>\n<meta property=\"og:site_name\" content=\"Fragola de la Vega\" \/>\n<meta property=\"article:modified_time\" content=\"2026-03-06T16:32:16+00:00\" \/>\n<meta property=\"og:image\" content=\"https:\/\/fragoladelavega.com\/wp-content\/uploads\/2026\/01\/La-Tempete-galopante-grand-format-papier-scaled.jpg\" \/>\n\t<meta property=\"og:image:width\" content=\"1940\" \/>\n\t<meta property=\"og:image:height\" content=\"2560\" \/>\n\t<meta property=\"og:image:type\" content=\"image\/jpeg\" \/>\n<meta name=\"twitter:card\" content=\"summary_large_image\" \/>\n<meta name=\"twitter:label1\" content=\"Est. reading time\" \/>\n\t<meta name=\"twitter:data1\" content=\"1 minute\" \/>\n<script type=\"application\/ld+json\" class=\"yoast-schema-graph\">{\"@context\":\"https:\/\/schema.org\",\"@graph\":[{\"@type\":\"WebPage\",\"@id\":\"https:\/\/fragoladelavega.com\/product\/la-tempete-galoppante-2\/\",\"url\":\"https:\/\/fragoladelavega.com\/product\/la-tempete-galoppante-2\/\",\"name\":\"La temp\u00eate galoppante - Fragola de la Vega\",\"isPartOf\":{\"@id\":\"https:\/\/fragoladelavega.com\/#website\"},\"primaryImageOfPage\":{\"@id\":\"https:\/\/fragoladelavega.com\/product\/la-tempete-galoppante-2\/#primaryimage\"},\"image\":{\"@id\":\"https:\/\/fragoladelavega.com\/product\/la-tempete-galoppante-2\/#primaryimage\"},\"thumbnailUrl\":\"https:\/\/fragoladelavega.com\/wp-content\/uploads\/2026\/01\/La-Tempete-galopante-grand-format-papier-scaled.jpg\",\"datePublished\":\"2026-01-20T13:48:26+00:00\",\"dateModified\":\"2026-03-06T16:32:16+00:00\",\"breadcrumb\":{\"@id\":\"https:\/\/fragoladelavega.com\/product\/la-tempete-galoppante-2\/#breadcrumb\"},\"inLanguage\":\"en-US\",\"potentialAction\":[{\"@type\":\"ReadAction\",\"target\":[\"https:\/\/fragoladelavega.com\/product\/la-tempete-galoppante-2\/\"]}]},{\"@type\":\"ImageObject\",\"inLanguage\":\"en-US\",\"@id\":\"https:\/\/fragoladelavega.com\/product\/la-tempete-galoppante-2\/#primaryimage\",\"url\":\"https:\/\/fragoladelavega.com\/wp-content\/uploads\/2026\/01\/La-Tempete-galopante-grand-format-papier-scaled.jpg\",\"contentUrl\":\"https:\/\/fragoladelavega.com\/wp-content\/uploads\/2026\/01\/La-Tempete-galopante-grand-format-papier-scaled.jpg\",\"width\":1940,\"height\":2560},{\"@type\":\"BreadcrumbList\",\"@id\":\"https:\/\/fragoladelavega.com\/product\/la-tempete-galoppante-2\/#breadcrumb\",\"itemListElement\":[{\"@type\":\"ListItem\",\"position\":1,\"name\":\"Accueil\",\"item\":\"https:\/\/fragoladelavega.com\/\"},{\"@type\":\"ListItem\",\"position\":2,\"name\":\"Oeuvres\",\"item\":\"https:\/\/fragoladelavega.com\/products\/\"},{\"@type\":\"ListItem\",\"position\":3,\"name\":\"La temp\u00eate galoppante\"}]},{\"@type\":\"WebSite\",\"@id\":\"https:\/\/fragoladelavega.com\/#website\",\"url\":\"https:\/\/fragoladelavega.com\/\",\"name\":\"Fragola de la Vega\",\"description\":\"Artiste peintre et Street Art\",\"publisher\":{\"@id\":\"https:\/\/fragoladelavega.com\/#organization\"},\"alternateName\":\"Fragola de la Vega\",\"potentialAction\":[{\"@type\":\"SearchAction\",\"target\":{\"@type\":\"EntryPoint\",\"urlTemplate\":\"https:\/\/fragoladelavega.com\/?s={search_term_string}\"},\"query-input\":{\"@type\":\"PropertyValueSpecification\",\"valueRequired\":true,\"valueName\":\"search_term_string\"}}],\"inLanguage\":\"en-US\"},{\"@type\":\"Organization\",\"@id\":\"https:\/\/fragoladelavega.com\/#organization\",\"name\":\"Fragola de la Vega\",\"alternateName\":\"Fragola de la Vega\",\"url\":\"https:\/\/fragoladelavega.com\/\",\"logo\":{\"@type\":\"ImageObject\",\"inLanguage\":\"en-US\",\"@id\":\"https:\/\/fragoladelavega.com\/#\/schema\/logo\/image\/\",\"url\":\"https:\/\/fragoladelavega.com\/wp-content\/uploads\/2025\/09\/fragola-scaled.png\",\"contentUrl\":\"https:\/\/fragoladelavega.com\/wp-content\/uploads\/2025\/09\/fragola-scaled.png\",\"width\":2560,\"height\":941,\"caption\":\"Fragola de la Vega\"},\"image\":{\"@id\":\"https:\/\/fragoladelavega.com\/#\/schema\/logo\/image\/\"}}]}<\/script>\n<!-- \/ Yoast SEO plugin. -->","yoast_head_json":{"title":"La temp\u00eate galoppante - Fragola de la Vega","robots":{"index":"index","follow":"follow","max-snippet":"max-snippet:-1","max-image-preview":"max-image-preview:large","max-video-preview":"max-video-preview:-1"},"canonical":"https:\/\/fragoladelavega.com\/en\/product\/la-tempete-galoppante-2\/","og_locale":"en_US","og_type":"article","og_title":"La temp\u00eate galoppante - Fragola de la Vega","og_description":"Dessin original encre de chine et acrylique sur papier Canson encadr\u00e9 sous verre 50 x 70 cm signature en bas \u00e0 droite, 2025\u00a0 Disponible \u00e0 la Galerie D\u00e9tourn\u00e9e \u00e0 Lille","og_url":"https:\/\/fragoladelavega.com\/en\/product\/la-tempete-galoppante-2\/","og_site_name":"Fragola de la Vega","article_modified_time":"2026-03-06T16:32:16+00:00","og_image":[{"width":1940,"height":2560,"url":"https:\/\/fragoladelavega.com\/wp-content\/uploads\/2026\/01\/La-Tempete-galopante-grand-format-papier-scaled.jpg","type":"image\/jpeg"}],"twitter_card":"summary_large_image","twitter_misc":{"Est. reading time":"1 minute"},"schema":{"@context":"https:\/\/schema.org","@graph":[{"@type":"WebPage","@id":"https:\/\/fragoladelavega.com\/product\/la-tempete-galoppante-2\/","url":"https:\/\/fragoladelavega.com\/product\/la-tempete-galoppante-2\/","name":"La temp\u00eate galoppante - Fragola de la Vega","isPartOf":{"@id":"https:\/\/fragoladelavega.com\/#website"},"primaryImageOfPage":{"@id":"https:\/\/fragoladelavega.com\/product\/la-tempete-galoppante-2\/#primaryimage"},"image":{"@id":"https:\/\/fragoladelavega.com\/product\/la-tempete-galoppante-2\/#primaryimage"},"thumbnailUrl":"https:\/\/fragoladelavega.com\/wp-content\/uploads\/2026\/01\/La-Tempete-galopante-grand-format-papier-scaled.jpg","datePublished":"2026-01-20T13:48:26+00:00","dateModified":"2026-03-06T16:32:16+00:00","breadcrumb":{"@id":"https:\/\/fragoladelavega.com\/product\/la-tempete-galoppante-2\/#breadcrumb"},"inLanguage":"en-US","potentialAction":[{"@type":"ReadAction","target":["https:\/\/fragoladelavega.com\/product\/la-tempete-galoppante-2\/"]}]},{"@type":"ImageObject","inLanguage":"en-US","@id":"https:\/\/fragoladelavega.com\/product\/la-tempete-galoppante-2\/#primaryimage","url":"https:\/\/fragoladelavega.com\/wp-content\/uploads\/2026\/01\/La-Tempete-galopante-grand-format-papier-scaled.jpg","contentUrl":"https:\/\/fragoladelavega.com\/wp-content\/uploads\/2026\/01\/La-Tempete-galopante-grand-format-papier-scaled.jpg","width":1940,"height":2560},{"@type":"BreadcrumbList","@id":"https:\/\/fragoladelavega.com\/product\/la-tempete-galoppante-2\/#breadcrumb","itemListElement":[{"@type":"ListItem","position":1,"name":"Accueil","item":"https:\/\/fragoladelavega.com\/"},{"@type":"ListItem","position":2,"name":"Oeuvres","item":"https:\/\/fragoladelavega.com\/products\/"},{"@type":"ListItem","position":3,"name":"La temp\u00eate galoppante"}]},{"@type":"WebSite","@id":"https:\/\/fragoladelavega.com\/#website","url":"https:\/\/fragoladelavega.com\/","name":"Fragola de la Vega","description":"Artiste peintre et Street Art","publisher":{"@id":"https:\/\/fragoladelavega.com\/#organization"},"alternateName":"Fragola de la Vega","potentialAction":[{"@type":"SearchAction","target":{"@type":"EntryPoint","urlTemplate":"https:\/\/fragoladelavega.com\/?s={search_term_string}"},"query-input":{"@type":"PropertyValueSpecification","valueRequired":true,"valueName":"search_term_string"}}],"inLanguage":"en-US"},{"@type":"Organization","@id":"https:\/\/fragoladelavega.com\/#organization","name":"Fragola de la Vega","alternateName":"Fragola de la Vega","url":"https:\/\/fragoladelavega.com\/","logo":{"@type":"ImageObject","inLanguage":"en-US","@id":"https:\/\/fragoladelavega.com\/#\/schema\/logo\/image\/","url":"https:\/\/fragoladelavega.com\/wp-content\/uploads\/2025\/09\/fragola-scaled.png","contentUrl":"https:\/\/fragoladelavega.com\/wp-content\/uploads\/2025\/09\/fragola-scaled.png","width":2560,"height":941,"caption":"Fragola de la Vega"},"image":{"@id":"https:\/\/fragoladelavega.com\/#\/schema\/logo\/image\/"}}]}},"_links":{"self":[{"href":"https:\/\/fragoladelavega.com\/en\/wp-json\/wp\/v2\/product\/4229","targetHints":{"allow":["GET"]}}],"collection":[{"href":"https:\/\/fragoladelavega.com\/en\/wp-json\/wp\/v2\/product"}],"about":[{"href":"https:\/\/fragoladelavega.com\/en\/wp-json\/wp\/v2\/types\/product"}],"wp:featuredmedia":[{"embeddable":true,"href":"https:\/\/fragoladelavega.com\/en\/wp-json\/wp\/v2\/media\/4223"}],"wp:attachment":[{"href":"https:\/\/fragoladelavega.com\/en\/wp-json\/wp\/v2\/media?parent=4229"}],"wp:term":[{"taxonomy":"product_brand","embeddable":true,"href":"https:\/\/fragoladelavega.com\/en\/wp-json\/wp\/v2\/product_brand?post=4229"},{"taxonomy":"product_cat","embeddable":true,"href":"https:\/\/fragoladelavega.com\/en\/wp-json\/wp\/v2\/product_cat?post=4229"},{"taxonomy":"product_tag","embeddable":true,"href":"https:\/\/fragoladelavega.com\/en\/wp-json\/wp\/v2\/product_tag?post=4229"}],"curies":[{"name":"wp","href":"https:\/\/api.w.org\/{rel}","templated":true}]}}